{"id":1384,"date":"2023-03-08T00:42:01","date_gmt":"2023-03-07T23:42:01","guid":{"rendered":"https:\/\/capitale.pe\/webcapitale\/?page_id=1384"},"modified":"2023-04-07T10:06:49","modified_gmt":"2023-04-07T08:06:49","slug":"terminos-y-condiciones","status":"publish","type":"page","link":"https:\/\/capitale.pe\/webcapitale\/terminos-y-condiciones\/","title":{"rendered":"T\u00e9rminos y Condiciones"},"content":{"rendered":"\n<h4 class=\"wp-block-heading\">1.Introducci\u00f3n<\/h4>\n\n\n\n<p>Este espacio virtual es creado y operado por Capitale Consultores SA. Est\u00e1 dirigido al p\u00fablico en general, navegantes en la internet. Su pol\u00edtica de tratamiento y privacidad de datos est\u00e1 sujeta al marco legal peruano, el mismo que detalla nuestras pr\u00e1cticas de manejo de informaci\u00f3n y que recomendamos revisar detenidamente.<\/p>\n\n\n\n<p>Las cl\u00e1usulas contenidas en el presente acuerdo de condiciones y t\u00e9rminos de uso de la www.capitale.pe (en adelante, el Contrato), celebrado entre Capitale E.I.R.L. con RUC nro. 20478962232, con domicilio en Calle Alameda del Arco Iris 118, Of. 7, Urb. Alborada, Surco, Lima \u2013 Per\u00fa. (en adelante Capitale) y el internauta (en adelante, el Usuario), prev\u00e9n las condiciones de uso y acceso a todo el material intelectual, (en adelante, los Servicios) sea de car\u00e1cter informativo, educativo o publicitario, los mismos que se ponen a su disposici\u00f3n en la URL https:\/\/capitale.pe (en adelante, el Portal), siendo dichos servicios, propiedad exclusiva de Capitale, \u00fanico titular de los Derechos de Autor que de ese contenido intelectual se generen.<\/p>\n\n\n\n<p>La seguridad de nuestros clientes al tener acceso a nuestra plataforma y contenido es una prioridad. Se atribuye al navegante la condici\u00f3n de usuario del Sitio Web (en adelante, el Usuario). En tal sentido, se infiere la aceptaci\u00f3n de todas las disposiciones incluidas en el contrato.<\/p>\n\n\n\n<p>A continuaci\u00f3n, ponemos a su disposici\u00f3n toda la informaci\u00f3n referente a los T\u00e9rminos y Condiciones de uso y Pol\u00edtica de Privacidad del Portal, que incluye cualquier variaci\u00f3n que est\u00e9 vigente, al momento de visitar el Portal. Leer con atenci\u00f3n y asegurarse de su comprensi\u00f3n antes de usar los Servicios. El simple uso y acceso del Portal o el uso delos Servicios que Capitale pone a su disposici\u00f3n, se entender\u00e1 como la total aceptaci\u00f3n, sin excepci\u00f3n alguna y, por lo tanto, su voluntad y palabra para honrar el Contrato. Si estuviese en desacuerdo con cualquiera de los puntos expuestos en el Contrato, deber\u00e1 abstenerse de utilizar el Portal y los Servicios ofrecidos por Capitale.<\/p>\n\n\n\n<h4 class=\"wp-block-heading\">2.Descripci\u00f3n del portal (www.capitale.pe)<\/h4>\n\n\n\n<p>En la p\u00e1gina Web www.capitale.pe, se detalla informaci\u00f3n con contenido formativo como cursos educativos, talleres y otros servicios dirigidos al p\u00fablico en general que est\u00e9 en la b\u00fasqueda de obtener habilidades nuevas, a trav\u00e9s de nuestro equipo de profesionales. El Usuario encontrar\u00e1 una malla de servicios educativos, art\u00edculos de<br>inter\u00e9s sobre crecimiento personal y cursos virtuales, presenciales o semi presenciales. Estos no constituyen ning\u00fan tratamiento psicol\u00f3gico profesional o de ning\u00fan otro tipo, por lo que la confianza o el apoyo hacia el contenido de los cursos ser\u00e1 a riesgo exclusivo del Usuario.<\/p>\n\n\n\n<p>Desde el momento en que el Usuario se inscribe en alg\u00fan Curso, obtiene acceso a contenido audiovisual, foros de discusi\u00f3n y contacto directo con el Profesor de la clase. Capitale se reserva el derecho de eliminar cualquier Servicio ofrecido y\/o cambiar las tarifas para acceder a los Servicios en cualquier momento y por cualquier motivo, sin<br>previo aviso.<\/p>\n\n\n\n<h4 class=\"wp-block-heading\">3.Contenido y accesibilidad de los Cursos<\/h4>\n\n\n\n<p>Los cursos que se oferten en el portal podr\u00e1n incluir todo tipo de archivos, tales como textos, im\u00e1genes, sonidos y videos, enlaces (links) a otros sitios o aplicaciones ajenos a Capitale, y cualquier otro contenido que Capitale considere pertinente agregar. Cada curso tendr\u00e1 un n\u00famero de clases virtuales grabadas o en tiempo real, as\u00ed como un n\u00famero de horas de asesor\u00eda personalizada a trav\u00e9s de mentores, eventos y video conferencias, entre otros que Capitale les informe oportunamente. En consecuencia, Capitale podr\u00e1 otorgar un certificado de participaci\u00f3n a los Usuarios, dependiendo del<br>curso completado, instrucciones del profesor, bajo condici\u00f3n de su culminaci\u00f3n o el haber completado el conjunto de Cursos de una Especializaci\u00f3n o Programa de manera satisfactoria.<\/p>\n\n\n\n<p>De considerarlo adecuado, Capitale se reserva la facultad de promocionar inopinadamente, alg\u00fan servicio o curso gratuito. Dicho lanzamiento se regir\u00e1 bajo condiciones y restricciones sui generis, definidas in situ, los cuales ser\u00e1n publicados en la web site de Capitale. De ser el caso, dichas promociones se regir\u00e1n a las reglas se\u00f1aladas en este contrato. El Usuario podr\u00e1 cancelar su compra y\/o presentar una queja o reclamo, en caso se encuentre en desacuerdo con las modificaciones.<\/p>\n\n\n\n<p>Capitale se reserva el derecho de suspender o adicionar cualquier funcionalidad en la Plataforma y no avala que los cursos subidos en la Plataforma aparezcan como opci\u00f3n indefinidamente. Capitale actualiza sus contenidos de forma continua, por lo que cada cierto tiempo algunos cursos desaparecen del men\u00fa de opciones.<\/p>\n\n\n\n<h4 class=\"wp-block-heading\">4.Uso de los Cursos<\/h4>\n\n\n\n<p>A partir del ingreso en el Portal y registro en cualquiera de los servicios ofrecidos, el Usuario podr\u00e1 hacer uso de todas las funcionalidades y herramientas de aprendizaje. En caso Capitale haya lanzado un curso gratuito, podr\u00e1n disfrutar del curso y las funcionalidades de la plataforma sin costo alguno, solo por el tiempo que dure dicha oferta, bajo las condiciones que se\u00f1ale.<\/p>\n\n\n\n<p>El Usuario deber\u00e1 ser un adulto, mayor de 18 a\u00f1os seg\u00fan la ley peruana y que goce de todas sus facultades cognitivas para celebrar actos jur\u00eddicos v\u00e1lidos. Los menores de edad o incapaces absolutos, jur\u00eddicamente declarados por ley, est\u00e1n prohibidos de hacer uso del portal y sus servicios, siendo sus tutores o quienes ejerzan la patria<br>potestad sobre ellos, los responsables absolutos por cualquier acto que cometan sus representados.<\/p>\n\n\n\n<p>El Usuario se compromete a hacer uso del portal en forma l\u00edcita y sin transgredir el ordenamiento legal, el orden p\u00fablico y las buenas costumbres. A continuaci\u00f3n, detallamos un listado enunciativo, sin limitar otras acciones prohibidas por parte del Usuario, quien deber\u00e1 de abstenerse de:<\/p>\n\n\n\n<ol class=\"wp-block-list\" start=\"1\">\n<li>Intentar acceder o realizar b\u00fasquedas en motores de b\u00fasquedas o softwares (spiders, robots, crawlers, herramientas de miner\u00eda de datos o similares) distintos de aquellos provistos por Capitale o aquellos motores de b\u00fasquedas gen\u00e9ricos provistos por terceros y de acceso p\u00fablico la Internet.<\/li>\n\n\n\n<li>Utilizar el Portal para fines comerciales o para el beneficio de terceros de manera que infrinja lo establecido en el Contrato.<\/li>\n\n\n\n<li>Manipular cualquier contenido, encabezado (header) o de cualquier manera del Portal para enviar informaci\u00f3n falsa, alterada o que impida identificar la fuente original desde donde se envi\u00f3.<\/li>\n\n\n\n<li>Intentar descifrar, descompilar o aplicar ingenier\u00eda en reversa a cualquier programa de software proveedor del Portal, entre otros.<\/li>\n\n\n\n<li>Iniciar reclamos en nombre, representaci\u00f3n y\/o por cuenta de terceros -sin la existencia de un poder formal legalizado;<\/li>\n\n\n\n<li>Iniciar reclamos basados en hechos o situaciones falsas y\/o fraudulentas; y, Incurrir, a criterio de Capitale, en conductas o actos dolosos o fraudulentos para obtener la cobertura del programa. Revisar los t\u00e9rminos y condiciones de uso aplicables.<\/li>\n<\/ol>\n\n\n\n<h4 class=\"wp-block-heading\">5.Cobros por los Servicios<\/h4>\n\n\n\n<p>En cualquier momento, Capitale podr\u00e1 modificar sus cobros por los Servicios ofrecidos en el Portal, as\u00ed como comenzar a cobrar por cualquier Servicio gratuito bajo previo aviso, considerando que las tarifas canceladas previamente a las modificaciones, no se ver\u00e1n impactadas. En caso Capitale decida alterar sus tarifas, \u00e9stas ser\u00e1n modificadas en los T\u00e9rminos y Condiciones Particulares correspondientes y se dar\u00e1 aviso mediante un correo electr\u00f3nico al Usuario y\/o a trav\u00e9s del Portal. <\/p>\n\n\n\n<p>Una vez realizado el pago, Capitale no har\u00e1 devoluciones ni dar\u00e1 cr\u00e9ditos por el uso parcial de los servicios o por cualquier servicio no utilizado.<\/p>\n\n\n\n<h4 class=\"wp-block-heading\">6.Forma de Pago<\/h4>\n\n\n\n<p>Capitale est\u00e1 facultada para contratar a terceros que puedan gestionar los pagos de los servicios que se hagan a trav\u00e9s del Portal. La activaci\u00f3n del curso proceder\u00e1 una vez que Capitale certifique que el pago haya sido exitosamente realizado.<\/p>\n\n\n\n<p><strong>\u201cPago en l\u00ednea\u201d<\/strong>, Cuando el Usuario realice el pago del Servicio, usando una tarjeta de cr\u00e9dito y\/o d\u00e9bito a trav\u00e9s de las opciones de pagos mostradas en el Portal.<\/p>\n\n\n\n<p>Es posible que, en algunas modalidades de pago, el emisor cobre cargos adicionales como los de transacci\u00f3n fuera del pa\u00eds, u otros vinculados al procesamiento de la modalidad de pago. As\u00ed mismo, es el Usuario quien deber\u00e1 pagar todos lo impuestos derivados de la legislaci\u00f3n que le compete, en caso se procuren.<\/p>\n\n\n\n<p>El Usuario podr\u00e1 actualizar la Forma de Pago a trav\u00e9s de su Cuenta, autorizando a Capitale a realizar cargos a la Forma de Pago correspondiente. Si el pago es rechazado por una fecha vencida en la tarjeta, o por la inexistencia de fondos o por cualquier otra raz\u00f3n, y el Usuario no paga satisfactoriamente, Capitale podr\u00e1 suspender temporalmente el acceso al portal y al servicio, hasta que se subsane el problema y se acredite el pago efectuado.<\/p>\n\n\n\n<p>No obstante, el Usuario siempre cuenta con la opci\u00f3n realizar una compra directa o cambiar la forma de pago en el check-out. Cuando se ofrezcan cuotas con o sin inter\u00e9s, \u00fanicamente ser\u00e1n asignadas a los pagos con tarjetas de cr\u00e9dito y no con tarjetas de d\u00e9bito.<\/p>\n\n\n\n<p>Capitale se exime de toda responsabilidad frente a cualquier aver\u00eda o error en la plataforma de pago del Portal, que pueda causar da\u00f1os econ\u00f3micos al Usuario.<\/p>\n\n\n\n<h4 class=\"wp-block-heading\">7.Propiedad intelectual<\/h4>\n\n\n\n<p>Tanto el software asociado al Portal y los contenidos disponibles en el mismo, le pertenecen a Capitale en forma exclusiva. Dicho material intelectual est\u00e1 protegido por las leyes y los tratados internacionales en materia de derechos de autor, marcas, patentes, modelos y dise\u00f1os industriales aplicables en Per\u00fa, sin importar que se encuentren o no registrados.<\/p>\n\n\n\n<p><\/p>\n\n\n\n<p>Est\u00e1 terminantemente prohibido cualquier tipo de copia, distribuci\u00f3n, transmisi\u00f3n, retransmisi\u00f3n, publicaci\u00f3n, impresi\u00f3n, difusi\u00f3n y\/o explotaci\u00f3n comercial del material y\/o contenido puesto a disposici\u00f3n del p\u00fablico a trav\u00e9s del Portal, sin el previo consentimiento expreso y por escrito de Capitale o, en su caso, del titular de los derechos de propiedad intelectual correspondientes. El incumplimiento de lo aqu\u00ed<br>mencionado sujetar\u00e1 al infractor a todos los reclamos civiles y ser\u00e1 materia para la presentaci\u00f3n de una querella, denuncia o la reclamaci\u00f3n procedente ante las autoridades competentes, dentro de la cual se proporcionar\u00e1 la informaci\u00f3n necesaria para la investigaci\u00f3n y persecuci\u00f3n del il\u00edcito del que se trate.<\/p>\n\n\n\n<p>Respecto de la informaci\u00f3n y contenidos. &#8211; Capitale ofrece al Usuario una plataforma donde puede disfrutar de Cursos dictados por los Profesores. Capitale no ofrece un aval o respaldo, ni participa de la relaci\u00f3n que pueda evolucionar de ese Servicio, o de la informaci\u00f3n que pueda nacer entre los usuarios que participan en el curso.<\/p>\n\n\n\n<h4 class=\"wp-block-heading\">8.Derechos de Autor<\/h4>\n\n\n\n<p>Todos los derechos de autor involucrados en el Portal, como el contenido de los Servicios y su dise\u00f1o visual, son de propiedad exclusiva de Capitale y\/o de sus proveedores, por lo que se proh\u00edbe tajantemente su empleo, modificaci\u00f3n, reproducci\u00f3n, distribuci\u00f3n, transmisi\u00f3n o comercializaci\u00f3n de los derechos involucrados sin el permiso previo, expreso y por escrito de los titulares de dichos<br>derechos, salvo los casos de derechos de cita, empleo para finalidades educativas y los dem\u00e1s usos reconocidos.<\/p>\n\n\n\n<p>Todos los derechos de autor involucrados en el Portal, como el contenido de los Servicios y su dise\u00f1o visual, son de propiedad exclusiva de Capitale y\/o de sus proveedores, por lo que se proh\u00edbe tajantemente su empleo, modificaci\u00f3n, reproducci\u00f3n, distribuci\u00f3n, transmisi\u00f3n o comercializaci\u00f3n de los derechos involucrados sin el permiso previo, expreso y por escrito de los titulares de dichos<br>derechos, salvo los casos de derechos de cita, empleo para finalidades educativas y los dem\u00e1s usos reconocidos.<\/p>\n\n\n\n<h4 class=\"wp-block-heading\">9.Exclusi\u00f3n de garant\u00edas<\/h4>\n\n\n\n<ul class=\"wp-block-list\">\n<li>Respecto de la informaci\u00f3n y contenidos. &#8211; Capitale ofrece al Usuario una plataforma donde puede disfrutar de Cursos dictados por los Profesores. Capitale no ofrece un aval o respaldo, ni participa de la relaci\u00f3n que pueda evolucionar de ese Servicio, o de la informaci\u00f3n que pueda nacer entre los usuarios que participan en el curso.iso previo, expreso y por escrito de los titulares de dichos derechos, salvo los casos de derechos de cita, empleo para finalidades educativas y los dem\u00e1s usos reconocido.<\/li>\n\n\n\n<li>Respecto de errores o virus en el Portal. &#8211; Capitale se exime de responsabilidad alguna frente a posibles da\u00f1os o perjuicios en el Portal que se originen de interferencias, omisiones, virus inform\u00e1ticos, aver\u00edas o desconexiones, dentro del funcionamiento operativo del sistema electr\u00f3nico, que surgen por motivos externos a Capitale como demoras o bloqueos en el uso del sistema causados.<\/li>\n\n\n\n<li>Respecto de los Servicios. &#8211; Capitale, sus empleados o directivos no son responsables de los da\u00f1os o perjuicios indirectos, accidentales o por eventos de caso fortuito, incluyendo da\u00f1os por lucro cesante, p\u00e9rdida de uso y p\u00e9rdida de datos derivados de o en relaci\u00f3n con los Cursos y\/o los presentes t\u00e9rminos.<\/li>\n<\/ul>\n\n\n\n<h4 class=\"wp-block-heading\">10.Cambios en las Condiciones y Cesi\u00f3n de Posici\u00f3n contractual<\/h4>\n\n\n\n<p>Capitale se reserva el derecho de actualizar, modificar o sustituir cualquier disposici\u00f3n del Contrato, sin necesidad de un aviso anticipado. Cualquier modificaci\u00f3n realizada al Contrato, entrar\u00e1 en vigor al momento de su publicaci\u00f3n en el Portal, para todos los<br>efectos legales a que haya lugar. El Usuario es responsable de revisar la actualizaci\u00f3n del contrato e identificar los cambios al momento de navegar en el Portal, toda vez que dicha acci\u00f3n representa la aceptaci\u00f3n t\u00e1cita de cualquier modificaci\u00f3n realizada en el Contrato.<\/p>\n\n\n\n<p>Del mismo modo, Capitale est\u00e1 facultada para ceder o transferir todos los derechos y obligaciones, como su posici\u00f3n contractual derivados del presente contrato y\/o del Portal, en cualquier momento. En tal sentido, el Usuario autoriza expresamente la cesi\u00f3n del presente documento, as\u00ed como la Pol\u00edtica de Privacidad en favor de cualquier persona que (i) quede obligada por el presente; y\/o (ii) que sea el nuevo responsable de los derechos y obligaciones que surjan del contrato y\/o del Portal. Una vez celebrada la Cesi\u00f3n de derechos, Capitale se libera de toda responsabilidad con respecto de cualquier incidente que surja, a partir de la fecha de la cesi\u00f3n.<\/p>\n\n\n\n<h4 class=\"wp-block-heading\">11.Indemnizaci\u00f3n<\/h4>\n\n\n\n<p>El Usuario mantendr\u00e1 libre de todo da\u00f1o material o psicol\u00f3gico a Capitale, sus directivos, representantes y empleados, respecto de cualquier reclamo o demanda de terceros que pudiesen surgir por cualquier acto realizado por el Usuario en el Portal, y\/o por cualquier incumplimiento a las Condiciones y dem\u00e1s Pol\u00edticas que se asociadas<br>al presente contrato o por la infracci\u00f3n de cualquier ley o derechos de terceros.<\/p>\n\n\n\n<h4 class=\"wp-block-heading\">12.Jurisdicci\u00f3n y legislaci\u00f3n aplicable<\/h4>\n\n\n\n<p>Cualquier controversia que pueda surgir de la interpretaci\u00f3n o el cumplimiento del presente Contrato o de los acuerdos asociados a \u00e9ste, incluyendo cualquier reclamo que pudiera una de las Partes tener en contra de la otra derivada de, o relacionado con el uso del Portal, se regir\u00e1 por las leyes peruanas. En tal sentido, las partes renuncian<br>en este acto a cualquier otra legislaci\u00f3n o jurisdicci\u00f3n que, por motivo de sus domicilios presentes o futuros, pudiere corresponderles y se someten a los Juzgados y Tribunales del Distrito Judicial de Lima.<\/p>\n\n\n\n<h4 class=\"wp-block-heading\">13.Aceptaci\u00f3n<\/h4>\n\n\n\n<p>Cualquier sugerencia y\/o comentario acerca de los T\u00e9rminos y Condiciones de uso del Portal Capitale, s\u00edrvase enviar un correo o carta por escrito a nuestras oficinas o correo electr\u00f3nico. Declaro que, luego de haber le\u00eddo el presente Contrato, estoy de acuerdo con todo su contenido, t\u00e9rminos y condiciones de uso. En se\u00f1al de conformidad, procedo a llenar el formulario de compra de usuario.<\/p>\n","protected":false},"excerpt":{"rendered":"<p>1.Introducci\u00f3n Este espacio virtual es creado y operado por Capitale Consultores SA. Est\u00e1 dirigido al p\u00fablico en general, navegantes en la internet. Su pol\u00edtica de tratamiento y privacidad de datos est\u00e1 sujeta al marco legal peruano, el mismo que detalla nuestras pr\u00e1cticas de manejo de informaci\u00f3n y que recomendamos revisar detenidamente. Las cl\u00e1usulas contenidas en&hellip; <br \/> <a class=\"read-more\" href=\"https:\/\/capitale.pe\/webcapitale\/terminos-y-condiciones\/\">Leer m\u00e1s<\/a><\/p>\n","protected":false},"author":1,"featured_media":0,"parent":0,"menu_order":0,"comment_status":"closed","ping_status":"closed","template":"","meta":{"_exactmetrics_skip_tracking":false,"_exactmetrics_sitenote_active":false,"_exactmetrics_sitenote_note":"","_exactmetrics_sitenote_category":0,"courseId":0,"footnotes":""},"class_list":["post-1384","page","type-page","status-publish","hentry"],"_links":{"self":[{"href":"https:\/\/capitale.pe\/webcapitale\/wp-json\/wp\/v2\/pages\/1384","targetHints":{"allow":["GET"]}}],"collection":[{"href":"https:\/\/capitale.pe\/webcapitale\/wp-json\/wp\/v2\/pages"}],"about":[{"href":"https:\/\/capitale.pe\/webcapitale\/wp-json\/wp\/v2\/types\/page"}],"author":[{"embeddable":true,"href":"https:\/\/capitale.pe\/webcapitale\/wp-json\/wp\/v2\/users\/1"}],"replies":[{"embeddable":true,"href":"https:\/\/capitale.pe\/webcapitale\/wp-json\/wp\/v2\/comments?post=1384"}],"version-history":[{"count":17,"href":"https:\/\/capitale.pe\/webcapitale\/wp-json\/wp\/v2\/pages\/1384\/revisions"}],"predecessor-version":[{"id":1740,"href":"https:\/\/capitale.pe\/webcapitale\/wp-json\/wp\/v2\/pages\/1384\/revisions\/1740"}],"wp:attachment":[{"href":"https:\/\/capitale.pe\/webcapitale\/wp-json\/wp\/v2\/media?parent=1384"}],"curies":[{"name":"wp","href":"https:\/\/api.w.org\/{rel}","templated":true}]}}