{"id":1805,"date":"2023-09-18T22:01:19","date_gmt":"2023-09-18T20:01:19","guid":{"rendered":"https:\/\/capitale.pe\/webcapitale\/?page_id=1805"},"modified":"2024-01-11T21:44:01","modified_gmt":"2024-01-11T20:44:01","slug":"nosotros-2","status":"publish","type":"page","link":"https:\/\/capitale.pe\/webcapitale\/nosotros-2\/","title":{"rendered":"Nosotros"},"content":{"rendered":"<div  data-label=\"About\" data-id=\"about--1\" data-export-id=\"about-1\" data-category=\"about\" class=\"about-1 content-section\" id=\"about-1\" style=\"background-color: rgb(255, 255, 255); background-image: none;\">\n<div  class=\"gridContainer\">\n<div  class=\"row text-center\">\n<div  class=\"section-title-col\" data-type=\"column\">\n<h2  class=\"\">Generamos valor al negocio,&nbsp;<span  href=\"#\" style=\"font-weight: 700; font-family: &quot;Playfair Display&quot;, sans-serif; font-style: italic; color: rgb(71, 94, 136);\">al desarrollar talento con agilidad<\/span>&nbsp;y centrado en el cliente<\/h2>\n<p  class=\"lead\">Somos una organizaci\u00f3n con 15 a\u00f1os de experiencia, que <span  style=\"color: rgb(242, 122, 48); font-weight: 600;\">brinda soluciones integrales en gesti\u00f3n humana, generando valor al negocio al atraer y desarrollar talento de forma arm\u00f3nica y sostenible.<\/span> Aspiramos a ser su mejor aliado estrat\u00e9gico d\u00e1ndoles atenci\u00f3n personalizada y \u00e1gil.<\/p>\n\n<\/div>\n<\/div>\n<div  class=\"row\">\n<div  class=\"button-holder space-bottom space-bottom-small\" data-type=\"column\">\n<p  class=\"lead\">Contamos con modernas <span  style=\"color: rgb(242, 122, 48); font-weight: 600;\">herramientas tecnol\u00f3gicas y un s\u00f3lido \u201cknow how\u201d<\/span> en gesti\u00f3n del talento. Buscamos soluciones pr\u00e1cticas y a la medida de cada cliente y seg\u00fan el sector en el que se desenvuelve: banca y finanzas, farmac\u00e9utico, automotriz, productos de consumo, tecnolog\u00eda, telecomunicaciones, miner\u00eda y construcci\u00f3n, entre otros.<\/p>\n\n\n<\/div>\n<div  class=\"col-xs bottom-xs flexbox image-group-bottom-3-img space-bottom-xs center-xs\"> <img  decoding=\"async\" class=\"left-img shadow-large-black\" data-size=\"500x300\" src=\"https:\/\/capitale.pe\/webcapitale\/wp-content\/uploads\/2023\/09\/nosotros_3.jpeg\" title=\"Digitally enhanced shot of a handsome businessman working in the office superimposed over multiple lines of computer code\" alt=\"\"> <img  decoding=\"async\" class=\"center-img shadow-large-black\" data-size=\"500x300\" src=\"https:\/\/capitale.pe\/webcapitale\/wp-content\/uploads\/2023\/09\/nosotros_5.jpg\" title=\"Colleagues working together in office.\" alt=\"\"> <img  decoding=\"async\" class=\"right-img shadow-large-black\" data-size=\"500x300\" src=\"https:\/\/capitale.pe\/webcapitale\/wp-content\/uploads\/2023\/09\/nosotros_4.jpg\" title=\"Collaboration and analysis by business people working in office\" alt=\"\"><\/div>\n<\/div>\n<\/div>\n<\/div><div  data-label=\"Features\" data-id=\"features--1\" data-export-id=\"features-12-card\" data-category=\"features\" class=\"features-12-card content-section content-section-spacing\" id=\"features-1\" style=\"background-color: rgb(245, 250, 253); background-image: none;\">\n<div  class=\"gridContainer\">\n<div  class=\"row text-center\">\n<div  class=\"section-title-col\" data-type=\"column\">\n<h2  class=\"\">Nuestra Misi\u00f3n y Visi\u00f3n<\/h2>\n<\/div>\n<\/div>\n<div  class=\"row spaced-cols\" data-type=\"row\">\n<div  class=\"col-sm-6\">\n<div  class=\"card row-card\">\n<div  class=\"row\">\n<div  class=\"col-sm-fit icon-column\"> <i  class=\"fa icon fa-cog bordered round color2\"><\/i><\/div>\n<div  class=\"col-sm\" data-type=\"column\">\n<h5  class=\"color2\">MISI\u00d3N<\/h5>\n<p  class=\"\">Transformar personas y organizaciones, co creando soluciones \u00e1giles y a la medida para lograr empresas rentables y sostenibles.<\/p>\n\n<\/div>\n<\/div>\n<\/div>\n<\/div>\n<div  class=\"col-sm-6\">\n<div  class=\"card row-card\">\n<div  class=\"row\">\n<div  class=\"col-sm-fit icon-column\"> <i  class=\"fa icon fa-eye bordered round color2\"><\/i><\/div>\n<div  class=\"col-sm\" data-type=\"column\">\n<h5  class=\"color2\">VISI\u00d3N<\/h5>\n<p  class=\"\">Ser un referente en el mercado por desarrollar el talento humano en las empresas, centrados en el cliente, basados en la constante innovaci\u00f3n y buscando un mejor estilo de vida para las personas.<\/p>\n\n<\/div>\n<\/div>\n<\/div>\n<\/div>\n<\/div>\n<\/div>\n<\/div><div  id=\"content-2\" class=\"content-2 content-section content-section-spacing\" style=\"background-color: rgb(255, 255, 255); background-image: none;\" data-label=\"Content\" data-id=\"content--2\" data-export-id=\"content-2\" data-category=\"content\">\n<div >\n<div  class=\"row middle-xs\">\n<div  class=\"col-sm-5 bg-image shadow-large-black\" data-bg=\"image\" style=\"background-image: url(&quot;https:\/\/capitale.pe\/webcapitale\/wp-content\/uploads\/2023\/09\/nosotros_2.jpg&quot;);\">&nbsp;<\/div>\n<div  class=\"col-sm-7 full-col-left-padding full-col-right-padding\">\n<div  class=\"row\">\n<div  class=\"space-bottom-small content-title-col\" data-type=\"column\">\n<h5  class=\"\">PILARES DE NUESTRA EMPRESA<\/h5>\n<h2  class=\"\">Nuestros Valores<\/h2>\n<\/div>\n<\/div>\n<div  class=\"row spaced-cols \" data-type=\"row\">\n<div  class=\"col-xs-6\" data-type=\"column\"><img  decoding=\"async\" class=\"custom-image\" title=\"ico-etica\" src=\"https:\/\/capitale.pe\/webcapitale\/wp-content\/uploads\/2023\/09\/ico-etica.png\" alt=\"\">\n<h5  class=\"\">\u00c9TICA<\/h5>\n<p  class=\"\">Trabajamos con profesionalismo, sobre la base del respeto a colaboradores, clientes y proveedores.<\/p>\n\n<\/div>\n<div  class=\"col-xs-6\" data-type=\"column\"><img  decoding=\"async\" class=\"custom-image\" title=\"ico-agilidad\" src=\"https:\/\/capitale.pe\/webcapitale\/wp-content\/uploads\/2023\/09\/ico-agilidad.png\" alt=\"\">\n<h5  class=\"\">AGILIDAD<\/h5>\n<p  class=\"\">Vivimos en base a la flexibilidad, creatividad y el cambio constante, con el objetivo de brindar un servicio oportuno.<\/p>\n\n<\/div>\n<div  class=\"col-xs-6\" data-type=\"column\"><img  decoding=\"async\" class=\"custom-image\" title=\"ico-calidad\" src=\"https:\/\/capitale.pe\/webcapitale\/wp-content\/uploads\/2023\/09\/ico-calidad.png\" alt=\"\">\n<h5  class=\"\">CALIDAD<\/h5>\n<p  class=\"\">Estamos en una b\u00fasqueda permanente de optimizar el trabajo, adecu\u00e1ndonos a las necesidades del cliente y cumpliendo con los est\u00e1ndares de nuestros procesos.<\/p>\n\n<\/div>\n<div  class=\"col-xs-6\" data-type=\"column\"><img  decoding=\"async\" class=\"custom-image\" title=\"ico-cliente\" src=\"https:\/\/capitale.pe\/webcapitale\/wp-content\/uploads\/2023\/09\/ico-cliente.png\" alt=\"\">\n<h5  class=\"\">CENTRADO EN EL CLIENTE<\/h5>\n<p  class=\"\">Todo nuestro trabajo gira en torno a las necesidades del cliente, poni\u00e9ndonos en su lugar para lograr la m\u00e1xima satisfacci\u00f3n.<\/p>\n\n<\/div>\n<div  class=\"col-xs-6\" data-type=\"column\"><img  decoding=\"async\" class=\"custom-image\" title=\"ico-pasion\" src=\"https:\/\/capitale.pe\/webcapitale\/wp-content\/uploads\/2023\/09\/ico-pasion.png\" alt=\"\">\n<h5  class=\"\">PASI\u00d3N POR EL TRABAJO<\/h5>\n<p  class=\"\">Damos lo mejor de nosotros mismos, con intensidad y entusiasmo. Desafiamos nuestro potencial constantemente.<\/p>\n\n<\/div>\n<\/div>\n<\/div>\n<\/div>\n<\/div>\n<\/div>","protected":false},"excerpt":{"rendered":"<p>Generamos valor al negocio,&nbsp;al desarrollar talento con agilidad&nbsp;y centrado en el cliente Somos una organizaci\u00f3n con 15 a\u00f1os de experiencia, que brinda soluciones integrales en gesti\u00f3n humana, generando valor al negocio al atraer y desarrollar talento de forma arm\u00f3nica y sostenible. Aspiramos a ser su mejor aliado estrat\u00e9gico d\u00e1ndoles atenci\u00f3n personalizada y \u00e1gil. Contamos con&hellip; <br \/> <a class=\"read-more\" href=\"https:\/\/capitale.pe\/webcapitale\/nosotros-2\/\">Leer m\u00e1s<\/a><\/p>\n","protected":false},"author":1,"featured_media":0,"parent":0,"menu_order":0,"comment_status":"closed","ping_status":"closed","template":"pro\/page-templates\/full-width-page.php","meta":{"_exactmetrics_skip_tracking":false,"_exactmetrics_sitenote_active":false,"_exactmetrics_sitenote_note":"","_exactmetrics_sitenote_category":0,"courseId":0,"footnotes":""},"class_list":["post-1805","page","type-page","status-publish","hentry"],"_links":{"self":[{"href":"https:\/\/capitale.pe\/webcapitale\/wp-json\/wp\/v2\/pages\/1805","targetHints":{"allow":["GET"]}}],"collection":[{"href":"https:\/\/capitale.pe\/webcapitale\/wp-json\/wp\/v2\/pages"}],"about":[{"href":"https:\/\/capitale.pe\/webcapitale\/wp-json\/wp\/v2\/types\/page"}],"author":[{"embeddable":true,"href":"https:\/\/capitale.pe\/webcapitale\/wp-json\/wp\/v2\/users\/1"}],"replies":[{"embeddable":true,"href":"https:\/\/capitale.pe\/webcapitale\/wp-json\/wp\/v2\/comments?post=1805"}],"version-history":[{"count":38,"href":"https:\/\/capitale.pe\/webcapitale\/wp-json\/wp\/v2\/pages\/1805\/revisions"}],"predecessor-version":[{"id":2567,"href":"https:\/\/capitale.pe\/webcapitale\/wp-json\/wp\/v2\/pages\/1805\/revisions\/2567"}],"wp:attachment":[{"href":"https:\/\/capitale.pe\/webcapitale\/wp-json\/wp\/v2\/media?parent=1805"}],"curies":[{"name":"wp","href":"https:\/\/api.w.org\/{rel}","templated":true}]}}