{"id":1899,"date":"2023-10-18T22:59:14","date_gmt":"2023-10-18T20:59:14","guid":{"rendered":"https:\/\/capitale.pe\/webcapitale\/?page_id=1899"},"modified":"2023-11-01T22:37:48","modified_gmt":"2023-11-01T21:37:48","slug":"organizacion-y-estructura-agil","status":"publish","type":"page","link":"https:\/\/capitale.pe\/webcapitale\/organizacion-y-estructura-agil\/","title":{"rendered":"Organizaci\u00f3n y Estructura \u00e1gil"},"content":{"rendered":"\t\t<div data-elementor-type=\"wp-page\" data-elementor-id=\"1899\" class=\"elementor elementor-1899\">\n\t\t\t\t\t\t<section class=\"elementor-section elementor-top-section elementor-element elementor-element-1ee5d8c elementor-section-full_width elementor-section-content-middle elementor-section-stretched elementor-section-height-default elementor-section-height-default\" data-id=\"1ee5d8c\" data-element_type=\"section\" data-e-type=\"section\" data-settings=\"{&quot;stretch_section&quot;:&quot;section-stretched&quot;,&quot;background_background&quot;:&quot;classic&quot;}\">\n\t\t\t\t\t\t<div class=\"elementor-container elementor-column-gap-extended\">\n\t\t\t\t\t<div class=\"elementor-column elementor-col-50 elementor-top-column elementor-element elementor-element-04f6e8a\" data-id=\"04f6e8a\" data-element_type=\"column\" data-e-type=\"column\">\n\t\t\t<div class=\"elementor-widget-wrap elementor-element-populated\">\n\t\t\t\t\t\t<div class=\"elementor-element elementor-element-29ee603 titSerLeft elementor-widget elementor-widget-heading\" data-id=\"29ee603\" data-element_type=\"widget\" data-e-type=\"widget\" data-widget_type=\"heading.default\">\n\t\t\t\t<div class=\"elementor-widget-container\">\n\t\t\t\t\t<h2 class=\"elementor-heading-title elementor-size-default\">Diagn\u00f3stico y Desarrollo Organizacional<\/h2>\t\t\t\t<\/div>\n\t\t\t\t<\/div>\n\t\t\t\t<div class=\"elementor-element elementor-element-0e89c40 elementor-widget elementor-widget-text-editor\" data-id=\"0e89c40\" data-element_type=\"widget\" data-e-type=\"widget\" data-widget_type=\"text-editor.default\">\n\t\t\t\t<div class=\"elementor-widget-container\">\n\t\t\t\t\t\t\t\t\t<p>Ayudamos a construir organizaciones \u00e1giles basadas en redes de trabajo, equipos interdisciplinarios y l\u00edderes preparados para los cambios<\/p>\t\t\t\t\t\t\t\t<\/div>\n\t\t\t\t<\/div>\n\t\t\t\t<div class=\"elementor-element elementor-element-0afad51 elementor-position-left elementor-vertical-align-top elementor-widget elementor-widget-image-box\" data-id=\"0afad51\" data-element_type=\"widget\" data-e-type=\"widget\" data-widget_type=\"image-box.default\">\n\t\t\t\t<div class=\"elementor-widget-container\">\n\t\t\t\t\t<div class=\"elementor-image-box-wrapper\"><figure class=\"elementor-image-box-img\"><img fetchpriority=\"high\" decoding=\"async\" width=\"275\" height=\"315\" src=\"https:\/\/capitale.pe\/webcapitale\/wp-content\/uploads\/2023\/10\/ico-dgOrg.png\" class=\"attachment-full size-full wp-image-2080\" alt=\"\" srcset=\"https:\/\/capitale.pe\/webcapitale\/wp-content\/uploads\/2023\/10\/ico-dgOrg.png 275w, https:\/\/capitale.pe\/webcapitale\/wp-content\/uploads\/2023\/10\/ico-dgOrg-262x300.png 262w\" sizes=\"(max-width: 275px) 100vw, 275px\" \/><\/figure><div class=\"elementor-image-box-content\"><h3 class=\"elementor-image-box-title\">Diagn\u00f3stico Organizativo<\/h3><p class=\"elementor-image-box-description\">Analizamos la estructura organizativa y la interrelaci\u00f3n entre las \u00e1reas y procesos principales del negocio para determinar oportunidades de mejora.<\/p><\/div><\/div>\t\t\t\t<\/div>\n\t\t\t\t<\/div>\n\t\t\t\t<div class=\"elementor-element elementor-element-47259c8 elementor-position-left elementor-vertical-align-top elementor-widget elementor-widget-image-box\" data-id=\"47259c8\" data-element_type=\"widget\" data-e-type=\"widget\" data-widget_type=\"image-box.default\">\n\t\t\t\t<div class=\"elementor-widget-container\">\n\t\t\t\t\t<div class=\"elementor-image-box-wrapper\"><figure class=\"elementor-image-box-img\"><img decoding=\"async\" width=\"240\" height=\"354\" src=\"https:\/\/capitale.pe\/webcapitale\/wp-content\/uploads\/2023\/10\/ico-dgCul.png\" class=\"attachment-full size-full wp-image-2082\" alt=\"\" srcset=\"https:\/\/capitale.pe\/webcapitale\/wp-content\/uploads\/2023\/10\/ico-dgCul.png 240w, https:\/\/capitale.pe\/webcapitale\/wp-content\/uploads\/2023\/10\/ico-dgCul-203x300.png 203w\" sizes=\"(max-width: 240px) 100vw, 240px\" \/><\/figure><div class=\"elementor-image-box-content\"><h3 class=\"elementor-image-box-title\">Diagn\u00f3stico de Cultura\u200b<\/h3><p class=\"elementor-image-box-description\">Reconocemos los rasgos que caracterizan la organizaci\u00f3n, midiendo aspectos esenciales como son los valores, creencias y percepciones que se crean en torno a la organizaci\u00f3n.\u200b<\/p><\/div><\/div>\t\t\t\t<\/div>\n\t\t\t\t<\/div>\n\t\t\t\t<div class=\"elementor-element elementor-element-9c44a55 elementor-position-left elementor-vertical-align-top elementor-widget elementor-widget-image-box\" data-id=\"9c44a55\" data-element_type=\"widget\" data-e-type=\"widget\" data-widget_type=\"image-box.default\">\n\t\t\t\t<div class=\"elementor-widget-container\">\n\t\t\t\t\t<div class=\"elementor-image-box-wrapper\"><figure class=\"elementor-image-box-img\"><img decoding=\"async\" width=\"365\" height=\"372\" src=\"https:\/\/capitale.pe\/webcapitale\/wp-content\/uploads\/2023\/10\/ico-dgCli.png\" class=\"attachment-full size-full wp-image-2083\" alt=\"\" srcset=\"https:\/\/capitale.pe\/webcapitale\/wp-content\/uploads\/2023\/10\/ico-dgCli.png 365w, https:\/\/capitale.pe\/webcapitale\/wp-content\/uploads\/2023\/10\/ico-dgCli-294x300.png 294w\" sizes=\"(max-width: 365px) 100vw, 365px\" \/><\/figure><div class=\"elementor-image-box-content\"><h3 class=\"elementor-image-box-title\">Diagn\u00f3stico de Clima Laboral<\/h3><p class=\"elementor-image-box-description\">Identificamos fortalezas y portunidades de mejora en el clima organizacional. Acompa\u00f1amos en el dise\u00f1o e implementaci\u00f3n de planes de acci\u00f3n  y en el monitoreo de sus resultados.\u200b<\/p><\/div><\/div>\t\t\t\t<\/div>\n\t\t\t\t<\/div>\n\t\t\t\t\t<\/div>\n\t\t<\/div>\n\t\t\t\t<div class=\"elementor-column elementor-col-50 elementor-top-column elementor-element elementor-element-15555c4\" data-id=\"15555c4\" data-element_type=\"column\" data-e-type=\"column\">\n\t\t\t<div class=\"elementor-widget-wrap elementor-element-populated\">\n\t\t\t\t\t\t<div class=\"elementor-element elementor-element-7625b65 elementor-absolute elementor-widget elementor-widget-image\" data-id=\"7625b65\" data-element_type=\"widget\" data-e-type=\"widget\" data-settings=\"{&quot;_position&quot;:&quot;absolute&quot;}\" data-widget_type=\"image.default\">\n\t\t\t\t<div class=\"elementor-widget-container\">\n\t\t\t\t\t\t\t\t\t\t\t\t\t\t\t<img loading=\"lazy\" decoding=\"async\" width=\"700\" height=\"733\" src=\"https:\/\/capitale.pe\/webcapitale\/wp-content\/uploads\/2023\/10\/servicio_1.png\" class=\"attachment-large size-large wp-image-2087\" alt=\"\" srcset=\"https:\/\/capitale.pe\/webcapitale\/wp-content\/uploads\/2023\/10\/servicio_1.png 700w, https:\/\/capitale.pe\/webcapitale\/wp-content\/uploads\/2023\/10\/servicio_1-286x300.png 286w, https:\/\/capitale.pe\/webcapitale\/wp-content\/uploads\/2023\/10\/servicio_1-600x628.png 600w\" sizes=\"(max-width: 700px) 100vw, 700px\" \/>\t\t\t\t\t\t\t\t\t\t\t\t\t\t\t<\/div>\n\t\t\t\t<\/div>\n\t\t\t\t\t<\/div>\n\t\t<\/div>\n\t\t\t\t\t<\/div>\n\t\t<\/section>\n\t\t\t\t<section class=\"elementor-section elementor-top-section elementor-element elementor-element-734a696 elementor-section-boxed elementor-section-height-default elementor-section-height-default\" data-id=\"734a696\" data-element_type=\"section\" data-e-type=\"section\" data-settings=\"{&quot;background_background&quot;:&quot;classic&quot;}\">\n\t\t\t\t\t\t<div class=\"elementor-container elementor-column-gap-default\">\n\t\t\t\t\t<div class=\"elementor-column elementor-col-100 elementor-top-column elementor-element elementor-element-4d3b8c2\" data-id=\"4d3b8c2\" data-element_type=\"column\" data-e-type=\"column\">\n\t\t\t<div class=\"elementor-widget-wrap elementor-element-populated\">\n\t\t\t\t\t\t<div class=\"elementor-element elementor-element-bf30d9e titSerCenter elementor-widget elementor-widget-heading\" data-id=\"bf30d9e\" data-element_type=\"widget\" data-e-type=\"widget\" data-widget_type=\"heading.default\">\n\t\t\t\t<div class=\"elementor-widget-container\">\n\t\t\t\t\t<h2 class=\"elementor-heading-title elementor-size-default\">Desarrollo y Gesti\u00f3n de Procesos Claves de Gesti\u00f3n del Talento<\/h2>\t\t\t\t<\/div>\n\t\t\t\t<\/div>\n\t\t\t\t<div class=\"elementor-element elementor-element-46d7aa7 elementor-widget elementor-widget-text-editor\" data-id=\"46d7aa7\" data-element_type=\"widget\" data-e-type=\"widget\" data-widget_type=\"text-editor.default\">\n\t\t\t\t<div class=\"elementor-widget-container\">\n\t\t\t\t\t\t\t\t\t<p>Acompa\u00f1amos a los l\u00edderes a definir las bases de una gesti\u00f3n de efectiva de los recursos humanos, dise\u00f1ando los principales procesos de la gesti\u00f3n del talento<\/p>\t\t\t\t\t\t\t\t<\/div>\n\t\t\t\t<\/div>\n\t\t\t\t<section class=\"elementor-section elementor-inner-section elementor-element elementor-element-a6e62ef elementor-section-boxed elementor-section-height-default elementor-section-height-default\" data-id=\"a6e62ef\" data-element_type=\"section\" data-e-type=\"section\">\n\t\t\t\t\t\t<div class=\"elementor-container elementor-column-gap-default\">\n\t\t\t\t\t<div class=\"elementor-column elementor-col-50 elementor-inner-column elementor-element elementor-element-4dc29a4\" data-id=\"4dc29a4\" data-element_type=\"column\" data-e-type=\"column\" data-settings=\"{&quot;background_background&quot;:&quot;classic&quot;}\">\n\t\t\t<div class=\"elementor-widget-wrap elementor-element-populated\">\n\t\t\t\t\t\t<div class=\"elementor-element elementor-element-c3fec43 elementor-widget elementor-widget-image\" data-id=\"c3fec43\" data-element_type=\"widget\" data-e-type=\"widget\" data-widget_type=\"image.default\">\n\t\t\t\t<div class=\"elementor-widget-container\">\n\t\t\t\t\t\t\t\t\t\t\t\t\t\t\t<img loading=\"lazy\" decoding=\"async\" width=\"381\" height=\"254\" src=\"https:\/\/capitale.pe\/webcapitale\/wp-content\/uploads\/2019\/07\/cropped-8.jpg\" class=\"attachment-large size-large wp-image-591\" alt=\"\" srcset=\"https:\/\/capitale.pe\/webcapitale\/wp-content\/uploads\/2019\/07\/cropped-8.jpg 381w, https:\/\/capitale.pe\/webcapitale\/wp-content\/uploads\/2019\/07\/cropped-8-300x200.jpg 300w\" sizes=\"(max-width: 381px) 100vw, 381px\" \/>\t\t\t\t\t\t\t\t\t\t\t\t\t\t\t<\/div>\n\t\t\t\t<\/div>\n\t\t\t\t<div class=\"elementor-element elementor-element-7487364 elementor-widget elementor-widget-heading\" data-id=\"7487364\" data-element_type=\"widget\" data-e-type=\"widget\" data-widget_type=\"heading.default\">\n\t\t\t\t<div class=\"elementor-widget-container\">\n\t\t\t\t\t<h4 class=\"elementor-heading-title elementor-size-default\">DISE\u00d1O O MEJORA DE PERFILES COLABORATIVOS Y AUTO GESTIONABLES<\/h4>\t\t\t\t<\/div>\n\t\t\t\t<\/div>\n\t\t\t\t<div class=\"elementor-element elementor-element-09331ab elementor-widget elementor-widget-text-editor\" data-id=\"09331ab\" data-element_type=\"widget\" data-e-type=\"widget\" data-widget_type=\"text-editor.default\">\n\t\t\t\t<div class=\"elementor-widget-container\">\n\t\t\t\t\t\t\t\t\t<p>Definimos o actualizamos las descripciones de puesto y organigramas de la empresa para alinearlos a las estrategias organizacionales para que les permita ser competitivos.<\/p>\t\t\t\t\t\t\t\t<\/div>\n\t\t\t\t<\/div>\n\t\t\t\t\t<\/div>\n\t\t<\/div>\n\t\t\t\t<div class=\"elementor-column elementor-col-50 elementor-inner-column elementor-element elementor-element-b8a6f94\" data-id=\"b8a6f94\" data-element_type=\"column\" data-e-type=\"column\" data-settings=\"{&quot;background_background&quot;:&quot;classic&quot;}\">\n\t\t\t<div class=\"elementor-widget-wrap elementor-element-populated\">\n\t\t\t\t\t\t<div class=\"elementor-element elementor-element-ae4c02e elementor-widget elementor-widget-image\" data-id=\"ae4c02e\" data-element_type=\"widget\" data-e-type=\"widget\" data-widget_type=\"image.default\">\n\t\t\t\t<div class=\"elementor-widget-container\">\n\t\t\t\t\t\t\t\t\t\t\t\t\t\t\t<img loading=\"lazy\" decoding=\"async\" width=\"381\" height=\"254\" src=\"https:\/\/capitale.pe\/webcapitale\/wp-content\/uploads\/2019\/07\/13.jpg\" class=\"attachment-large size-large wp-image-482\" alt=\"\" srcset=\"https:\/\/capitale.pe\/webcapitale\/wp-content\/uploads\/2019\/07\/13.jpg 381w, https:\/\/capitale.pe\/webcapitale\/wp-content\/uploads\/2019\/07\/13-300x200.jpg 300w\" sizes=\"(max-width: 381px) 100vw, 381px\" \/>\t\t\t\t\t\t\t\t\t\t\t\t\t\t\t<\/div>\n\t\t\t\t<\/div>\n\t\t\t\t<div class=\"elementor-element elementor-element-a26476d elementor-widget elementor-widget-heading\" data-id=\"a26476d\" data-element_type=\"widget\" data-e-type=\"widget\" data-widget_type=\"heading.default\">\n\t\t\t\t<div class=\"elementor-widget-container\">\n\t\t\t\t\t<h4 class=\"elementor-heading-title elementor-size-default\">ATRACCI\u00d3N Y RETENCI\u00d3N DEL TALENTO<\/h4>\t\t\t\t<\/div>\n\t\t\t\t<\/div>\n\t\t\t\t<div class=\"elementor-element elementor-element-cf3a2b3 elementor-widget elementor-widget-text-editor\" data-id=\"cf3a2b3\" data-element_type=\"widget\" data-e-type=\"widget\" data-widget_type=\"text-editor.default\">\n\t\t\t\t<div class=\"elementor-widget-container\">\n\t\t\t\t\t\t\t\t\t<p>Identificamos a quienes tienen el potencial para seguir aportando al crecimiento de la organizaci\u00f3n y dise\u00f1amos un Plan de Retenci\u00f3n basado en intereses y motivaciones.<\/p>\t\t\t\t\t\t\t\t<\/div>\n\t\t\t\t<\/div>\n\t\t\t\t\t<\/div>\n\t\t<\/div>\n\t\t\t\t<div class=\"elementor-column elementor-col-50 elementor-inner-column elementor-element elementor-element-f8275fd\" data-id=\"f8275fd\" data-element_type=\"column\" data-e-type=\"column\" data-settings=\"{&quot;background_background&quot;:&quot;classic&quot;}\">\n\t\t\t<div class=\"elementor-widget-wrap elementor-element-populated\">\n\t\t\t\t\t\t<div class=\"elementor-element elementor-element-6cc3965 elementor-widget elementor-widget-image\" data-id=\"6cc3965\" data-element_type=\"widget\" data-e-type=\"widget\" data-widget_type=\"image.default\">\n\t\t\t\t<div class=\"elementor-widget-container\">\n\t\t\t\t\t\t\t\t\t\t\t\t\t\t\t<img loading=\"lazy\" decoding=\"async\" width=\"381\" height=\"254\" src=\"https:\/\/capitale.pe\/webcapitale\/wp-content\/uploads\/2019\/07\/cropped-14.jpg\" class=\"attachment-large size-large wp-image-622\" alt=\"\" srcset=\"https:\/\/capitale.pe\/webcapitale\/wp-content\/uploads\/2019\/07\/cropped-14.jpg 381w, https:\/\/capitale.pe\/webcapitale\/wp-content\/uploads\/2019\/07\/cropped-14-300x200.jpg 300w\" sizes=\"(max-width: 381px) 100vw, 381px\" \/>\t\t\t\t\t\t\t\t\t\t\t\t\t\t\t<\/div>\n\t\t\t\t<\/div>\n\t\t\t\t<div class=\"elementor-element elementor-element-043856f elementor-widget elementor-widget-heading\" data-id=\"043856f\" data-element_type=\"widget\" data-e-type=\"widget\" data-widget_type=\"heading.default\">\n\t\t\t\t<div class=\"elementor-widget-container\">\n\t\t\t\t\t<h4 class=\"elementor-heading-title elementor-size-default\">ON BOARDING<\/h4>\t\t\t\t<\/div>\n\t\t\t\t<\/div>\n\t\t\t\t<div class=\"elementor-element elementor-element-606a950 elementor-widget elementor-widget-text-editor\" data-id=\"606a950\" data-element_type=\"widget\" data-e-type=\"widget\" data-widget_type=\"text-editor.default\">\n\t\t\t\t<div class=\"elementor-widget-container\">\n\t\t\t\t\t\t\t\t\t<p>Dise\u00f1amos e implementamos el proceso de On Boarding para mejorar la experiencia del nuevo colaborador y asegurar su adaptaci\u00f3n.<\/p>\t\t\t\t\t\t\t\t<\/div>\n\t\t\t\t<\/div>\n\t\t\t\t\t<\/div>\n\t\t<\/div>\n\t\t\t\t\t<\/div>\n\t\t<\/section>\n\t\t\t\t<section class=\"elementor-section elementor-inner-section elementor-element elementor-element-d12c0e1 elementor-section-boxed elementor-section-height-default elementor-section-height-default\" data-id=\"d12c0e1\" data-element_type=\"section\" data-e-type=\"section\">\n\t\t\t\t\t\t<div class=\"elementor-container elementor-column-gap-default\">\n\t\t\t\t\t<div class=\"elementor-column elementor-col-33 elementor-inner-column elementor-element elementor-element-745418f\" data-id=\"745418f\" data-element_type=\"column\" data-e-type=\"column\" data-settings=\"{&quot;background_background&quot;:&quot;classic&quot;}\">\n\t\t\t<div class=\"elementor-widget-wrap elementor-element-populated\">\n\t\t\t\t\t\t<div class=\"elementor-element elementor-element-4143cf5 elementor-widget elementor-widget-image\" data-id=\"4143cf5\" data-element_type=\"widget\" data-e-type=\"widget\" data-widget_type=\"image.default\">\n\t\t\t\t<div class=\"elementor-widget-container\">\n\t\t\t\t\t\t\t\t\t\t\t\t\t\t\t<img loading=\"lazy\" decoding=\"async\" width=\"381\" height=\"254\" src=\"https:\/\/capitale.pe\/webcapitale\/wp-content\/uploads\/2019\/07\/7.jpg\" class=\"attachment-large size-large wp-image-476\" alt=\"\" srcset=\"https:\/\/capitale.pe\/webcapitale\/wp-content\/uploads\/2019\/07\/7.jpg 381w, https:\/\/capitale.pe\/webcapitale\/wp-content\/uploads\/2019\/07\/7-300x200.jpg 300w\" sizes=\"(max-width: 381px) 100vw, 381px\" \/>\t\t\t\t\t\t\t\t\t\t\t\t\t\t\t<\/div>\n\t\t\t\t<\/div>\n\t\t\t\t<div class=\"elementor-element elementor-element-35f49df elementor-widget elementor-widget-heading\" data-id=\"35f49df\" data-element_type=\"widget\" data-e-type=\"widget\" data-widget_type=\"heading.default\">\n\t\t\t\t<div class=\"elementor-widget-container\">\n\t\t\t\t\t<h4 class=\"elementor-heading-title elementor-size-default\">EVALUACI\u00d3N DE DESEMPE\u00d1O<\/h4>\t\t\t\t<\/div>\n\t\t\t\t<\/div>\n\t\t\t\t<div class=\"elementor-element elementor-element-2c7ba82 elementor-widget elementor-widget-text-editor\" data-id=\"2c7ba82\" data-element_type=\"widget\" data-e-type=\"widget\" data-widget_type=\"text-editor.default\">\n\t\t\t\t<div class=\"elementor-widget-container\">\n\t\t\t\t\t\t\t\t\t<p>Dise\u00f1amos procesos \u00e1giles y automatizados de 90\u00b0, 180\u00b0 y 360\u00b0, que permiten la retroalimentaci\u00f3n y objetividad en la evaluaci\u00f3n.<\/p>\t\t\t\t\t\t\t\t<\/div>\n\t\t\t\t<\/div>\n\t\t\t\t\t<\/div>\n\t\t<\/div>\n\t\t\t\t<div class=\"elementor-column elementor-col-33 elementor-inner-column elementor-element elementor-element-d685e1e\" data-id=\"d685e1e\" data-element_type=\"column\" data-e-type=\"column\" data-settings=\"{&quot;background_background&quot;:&quot;classic&quot;}\">\n\t\t\t<div class=\"elementor-widget-wrap elementor-element-populated\">\n\t\t\t\t\t\t<div class=\"elementor-element elementor-element-d8f8783 elementor-widget elementor-widget-image\" data-id=\"d8f8783\" data-element_type=\"widget\" data-e-type=\"widget\" data-widget_type=\"image.default\">\n\t\t\t\t<div class=\"elementor-widget-container\">\n\t\t\t\t\t\t\t\t\t\t\t\t\t\t\t<img loading=\"lazy\" decoding=\"async\" width=\"381\" height=\"254\" src=\"https:\/\/capitale.pe\/webcapitale\/wp-content\/uploads\/2019\/07\/cropped-6-2.jpg\" class=\"attachment-large size-large wp-image-623\" alt=\"\" srcset=\"https:\/\/capitale.pe\/webcapitale\/wp-content\/uploads\/2019\/07\/cropped-6-2.jpg 381w, https:\/\/capitale.pe\/webcapitale\/wp-content\/uploads\/2019\/07\/cropped-6-2-300x200.jpg 300w\" sizes=\"(max-width: 381px) 100vw, 381px\" \/>\t\t\t\t\t\t\t\t\t\t\t\t\t\t\t<\/div>\n\t\t\t\t<\/div>\n\t\t\t\t<div class=\"elementor-element elementor-element-19d52a4 elementor-widget elementor-widget-heading\" data-id=\"19d52a4\" data-element_type=\"widget\" data-e-type=\"widget\" data-widget_type=\"heading.default\">\n\t\t\t\t<div class=\"elementor-widget-container\">\n\t\t\t\t\t<h4 class=\"elementor-heading-title elementor-size-default\">COMPENSACIONES Y BENEFICIOS<\/h4>\t\t\t\t<\/div>\n\t\t\t\t<\/div>\n\t\t\t\t<div class=\"elementor-element elementor-element-15fbc78 elementor-widget elementor-widget-text-editor\" data-id=\"15fbc78\" data-element_type=\"widget\" data-e-type=\"widget\" data-widget_type=\"text-editor.default\">\n\t\t\t\t<div class=\"elementor-widget-container\">\n\t\t\t\t\t\t\t\t\t<p>Analizamos la estructura actual de la empresa para proponer el modelo de escala salarial que se ajuste a sus necesidades, considerando cada una de las variables internas y externas.<\/p>\t\t\t\t\t\t\t\t<\/div>\n\t\t\t\t<\/div>\n\t\t\t\t\t<\/div>\n\t\t<\/div>\n\t\t\t\t<div class=\"elementor-column elementor-col-33 elementor-inner-column elementor-element elementor-element-170cade\" data-id=\"170cade\" data-element_type=\"column\" data-e-type=\"column\" data-settings=\"{&quot;background_background&quot;:&quot;classic&quot;}\">\n\t\t\t<div class=\"elementor-widget-wrap elementor-element-populated\">\n\t\t\t\t\t\t<div class=\"elementor-element elementor-element-d33e688 elementor-widget elementor-widget-image\" data-id=\"d33e688\" data-element_type=\"widget\" data-e-type=\"widget\" data-widget_type=\"image.default\">\n\t\t\t\t<div class=\"elementor-widget-container\">\n\t\t\t\t\t\t\t\t\t\t\t\t\t\t\t<img loading=\"lazy\" decoding=\"async\" width=\"381\" height=\"254\" src=\"https:\/\/capitale.pe\/webcapitale\/wp-content\/uploads\/2019\/07\/5.jpg\" class=\"attachment-large size-large wp-image-474\" alt=\"\" srcset=\"https:\/\/capitale.pe\/webcapitale\/wp-content\/uploads\/2019\/07\/5.jpg 381w, https:\/\/capitale.pe\/webcapitale\/wp-content\/uploads\/2019\/07\/5-300x200.jpg 300w\" sizes=\"(max-width: 381px) 100vw, 381px\" \/>\t\t\t\t\t\t\t\t\t\t\t\t\t\t\t<\/div>\n\t\t\t\t<\/div>\n\t\t\t\t<div class=\"elementor-element elementor-element-c8f34f0 elementor-widget elementor-widget-heading\" data-id=\"c8f34f0\" data-element_type=\"widget\" data-e-type=\"widget\" data-widget_type=\"heading.default\">\n\t\t\t\t<div class=\"elementor-widget-container\">\n\t\t\t\t\t<h4 class=\"elementor-heading-title elementor-size-default\">PROCESOS DE DESVINCULACI\u00d3N LABORAL (OUTPLACEMENT)<\/h4>\t\t\t\t<\/div>\n\t\t\t\t<\/div>\n\t\t\t\t<div class=\"elementor-element elementor-element-4e284db elementor-widget elementor-widget-text-editor\" data-id=\"4e284db\" data-element_type=\"widget\" data-e-type=\"widget\" data-widget_type=\"text-editor.default\">\n\t\t\t\t<div class=\"elementor-widget-container\">\n\t\t\t\t\t\t\t\t\t<p>Apoyamos en asistir a los colaboradores que dejan la empresa debido a un proceso de estructuraci\u00f3n, brind\u00e1ndole el soporte necesario en el proceso de recolocaci\u00f3n y evitando contingencias laborales para la empresa.<\/p>\t\t\t\t\t\t\t\t<\/div>\n\t\t\t\t<\/div>\n\t\t\t\t\t<\/div>\n\t\t<\/div>\n\t\t\t\t\t<\/div>\n\t\t<\/section>\n\t\t\t\t\t<\/div>\n\t\t<\/div>\n\t\t\t\t\t<\/div>\n\t\t<\/section>\n\t\t\t\t<\/div>\n\t\t","protected":false},"excerpt":{"rendered":"<p>Diagn\u00f3stico y Desarrollo Organizacional Ayudamos a construir organizaciones \u00e1giles basadas en redes de trabajo, equipos interdisciplinarios y l\u00edderes preparados para los cambios Diagn\u00f3stico Organizativo Analizamos la estructura organizativa y la interrelaci\u00f3n entre las \u00e1reas y procesos principales del negocio para determinar oportunidades de mejora. Diagn\u00f3stico de Cultura\u200b Reconocemos los rasgos que caracterizan la organizaci\u00f3n, midiendo&hellip; <br \/> <a class=\"read-more\" href=\"https:\/\/capitale.pe\/webcapitale\/organizacion-y-estructura-agil\/\">Leer m\u00e1s<\/a><\/p>\n","protected":false},"author":1,"featured_media":2161,"parent":0,"menu_order":0,"comment_status":"closed","ping_status":"closed","template":"elementor_header_footer","meta":{"_exactmetrics_skip_tracking":false,"_exactmetrics_sitenote_active":false,"_exactmetrics_sitenote_note":"","_exactmetrics_sitenote_category":0,"courseId":0,"footnotes":""},"class_list":["post-1899","page","type-page","status-publish","has-post-thumbnail","hentry"],"_links":{"self":[{"href":"https:\/\/capitale.pe\/webcapitale\/wp-json\/wp\/v2\/pages\/1899","targetHints":{"allow":["GET"]}}],"collection":[{"href":"https:\/\/capitale.pe\/webcapitale\/wp-json\/wp\/v2\/pages"}],"about":[{"href":"https:\/\/capitale.pe\/webcapitale\/wp-json\/wp\/v2\/types\/page"}],"author":[{"embeddable":true,"href":"https:\/\/capitale.pe\/webcapitale\/wp-json\/wp\/v2\/users\/1"}],"replies":[{"embeddable":true,"href":"https:\/\/capitale.pe\/webcapitale\/wp-json\/wp\/v2\/comments?post=1899"}],"version-history":[{"count":291,"href":"https:\/\/capitale.pe\/webcapitale\/wp-json\/wp\/v2\/pages\/1899\/revisions"}],"predecessor-version":[{"id":2533,"href":"https:\/\/capitale.pe\/webcapitale\/wp-json\/wp\/v2\/pages\/1899\/revisions\/2533"}],"wp:featuredmedia":[{"embeddable":true,"href":"https:\/\/capitale.pe\/webcapitale\/wp-json\/wp\/v2\/media\/2161"}],"wp:attachment":[{"href":"https:\/\/capitale.pe\/webcapitale\/wp-json\/wp\/v2\/media?parent=1899"}],"curies":[{"name":"wp","href":"https:\/\/api.w.org\/{rel}","templated":true}]}}