{"id":37,"date":"2019-05-27T08:01:39","date_gmt":"2019-05-27T06:01:39","guid":{"rendered":"http:\/\/capitale.pe\/webcapitale\/?page_id=37"},"modified":"2020-06-30T22:11:34","modified_gmt":"2020-06-30T20:11:34","slug":"servicios","status":"publish","type":"page","link":"https:\/\/capitale.pe\/webcapitale\/servicios\/","title":{"rendered":"Servicios"},"content":{"rendered":"<div  data-label=\"Overlappable\" data-id=\"overlappable--2\" data-export-id=\"overlappable-4\" data-category=\"overlappable\" class=\"overlappable-4 content-section content-section-spacing\" data-overlap=\"true\" id=\"overlappable-2\" style=\"background-color: rgb(255, 255, 255);\"><div  class=\"gridContainer\"> <div  data-type=\"row\" class=\"row spaced-cols text-center\"><div  class=\"col-xs-12 col-sm-4 col-padding\">  <div  data-type=\"column\" class=\"\"> <h5  class=\"\"><\/h5> <\/div> <\/div>  <\/div> <\/div><\/div><div  data-label=\"Overlappable\" data-id=\"overlappable--1\" data-export-id=\"overlappable-1\" data-category=\"overlappable\" class=\"overlappable-1 content-section content-section-spacing\" data-overlap=\"true\" id=\"overlappable-1\" style=\"background-color: rgb(255, 255, 255);\"><div  class=\"gridContainer\"> <div  data-type=\"row\" class=\"row shadow-medium\"> <div  data-type=\"column\" class=\"col-xs-12 col-sm-4 flexcol col-padding col-padding-small-xs inverted bg-color1 col-md-4\"><i  class=\"fa icon fa-cubes white\"><\/i> <h5  class=\"inverted\">Efectividad en Gesti\u00f3n del Talento<\/h5>  <a class=\"button inverted color-white outline\" href=\"https:\/\/capitale.pe\/webcapitale\/efectividad-en-gestion-del-talento\" target=\"_self\" data-cp-link=\"1\" data-icon=\"\" rel=\"noopener noreferrer\">Leer m\u00e1s<\/a><\/div> <div  data-type=\"column\" class=\"col-xs-12 col-sm-4 flexcol col-padding col-padding-small-xs inverted bg-color8 col-md-4\"><i  class=\"fa icon fa-paper-plane color-white\"><\/i> <h5  class=\"inverted\">Desarrollo del Talento<\/h5>  <a class=\"button color-white outline\" href=\"https:\/\/capitale.pe\/webcapitale\/desarrollo-del-talento\" target=\"_self\" data-cp-link=\"1\" data-icon=\"\" rel=\"noopener noreferrer\">Leer m\u00e1s<\/a><\/div> <div  data-type=\"column\" class=\"col-xs-12 col-sm-4 flexcol col-padding col-padding-small-xs inverted bg-color1 col-md-4\"><i  class=\"fa icon fa-cubes white\"><\/i> <h5  class=\"inverted\">Bienestar Emocional<\/h5>  <a class=\"button inverted color-white outline\" href=\"https:\/\/capitale.pe\/webcapitale\/bienestar-y-salud-emocional\" target=\"_self\" data-cp-link=\"1\" data-icon=\"\" rel=\"noopener noreferrer\">Leer m\u00e1s<\/a><\/div><\/div><\/div> <\/div>","protected":false},"excerpt":{"rendered":"<p>Efectividad en Gesti\u00f3n del Talento Leer m\u00e1s Desarrollo del Talento Leer m\u00e1s Bienestar Emocional Leer m\u00e1s<\/p>\n","protected":false},"author":1,"featured_media":0,"parent":0,"menu_order":0,"comment_status":"closed","ping_status":"closed","template":"pro\/page-templates\/full-width-page.php","meta":{"_exactmetrics_skip_tracking":false,"_exactmetrics_sitenote_active":false,"_exactmetrics_sitenote_note":"","_exactmetrics_sitenote_category":0,"courseId":0,"footnotes":""},"class_list":["post-37","page","type-page","status-publish","hentry"],"_links":{"self":[{"href":"https:\/\/capitale.pe\/webcapitale\/wp-json\/wp\/v2\/pages\/37","targetHints":{"allow":["GET"]}}],"collection":[{"href":"https:\/\/capitale.pe\/webcapitale\/wp-json\/wp\/v2\/pages"}],"about":[{"href":"https:\/\/capitale.pe\/webcapitale\/wp-json\/wp\/v2\/types\/page"}],"author":[{"embeddable":true,"href":"https:\/\/capitale.pe\/webcapitale\/wp-json\/wp\/v2\/users\/1"}],"replies":[{"embeddable":true,"href":"https:\/\/capitale.pe\/webcapitale\/wp-json\/wp\/v2\/comments?post=37"}],"version-history":[{"count":19,"href":"https:\/\/capitale.pe\/webcapitale\/wp-json\/wp\/v2\/pages\/37\/revisions"}],"predecessor-version":[{"id":995,"href":"https:\/\/capitale.pe\/webcapitale\/wp-json\/wp\/v2\/pages\/37\/revisions\/995"}],"wp:attachment":[{"href":"https:\/\/capitale.pe\/webcapitale\/wp-json\/wp\/v2\/media?parent=37"}],"curies":[{"name":"wp","href":"https:\/\/api.w.org\/{rel}","templated":true}]}}