{"id":67,"date":"2019-05-27T18:13:06","date_gmt":"2019-05-27T16:13:06","guid":{"rendered":"http:\/\/capitale.pe\/webcapitale\/mesmerize\/"},"modified":"2024-11-13T01:05:16","modified_gmt":"2024-11-13T00:05:16","slug":"mesmerize","status":"publish","type":"page","link":"https:\/\/capitale.pe\/webcapitale\/","title":{"rendered":"Front Page"},"content":{"rendered":"<div  id=\"about-1\" style=\"background-color: #ffffff;\" data-label=\"About\" data-id=\"about-images-right-section-mc\" data-export-id=\"about-images-right-section-mc\" data-category=\"about\" class=\"about-images-right-section content-section content-section-spacing\"><div  class=\"gridContainer\"> <div  class=\"row middle-sm text-center\"><div  class=\"col-sm-5 content-left-sm\" data-type=\"column\">  <h2  class=\"\">\u00bfQui\u00e9nes somos?<\/h2> <p  class=\"\">Somos una organizaci\u00f3n que brinda soluciones integrales en gesti\u00f3n humana, generando valor al negocio al atraer y desarrollar el talento; con la finalidad de convertirnos en su socio estrat\u00e9gico.<\/p> <a  class=\"button color1\" href=\"https:\/\/capitale.pe\/webcapitale\/nosotros\" target=\"_self\" data-cp-link=\"1\" data-icon=\"\" rel=\"noopener noreferrer\">Leer m\u00e1s..<\/a><\/div> <div  class=\"col-sm-7 space-bottom-xs\"><div  class=\"image-group-side-3-img\"> <img  decoding=\"async\" class=\"topimg shadow-large\" src=\"https:\/\/capitale.pe\/webcapitale\/wp-content\/uploads\/2019\/06\/cropped-efectividad2-min-6.jpg\" alt=\"\" title=\"cropped-efectividad2-min-6.jpg\"> <img  decoding=\"async\" class=\"rightimg shadow-large\" src=\"https:\/\/capitale.pe\/webcapitale\/wp-content\/themes\/empowerwp\/customizer\/sections\/images\/emp-04.jpg\"> <div  class=\"leftimg\"> <img  decoding=\"async\" class=\"shadow-large\" src=\"https:\/\/capitale.pe\/webcapitale\/wp-content\/uploads\/2019\/06\/cropped-general7-min-2.jpg\" alt=\"\" title=\"cropped-general7-min-2.jpg\"><\/div> <\/div><\/div> <\/div><\/div> <\/div><div  data-label=\"Clients\" data-id=\"clients--1\" data-export-id=\"clients-4\" data-category=\"clients\" class=\"clients-4 content-section content-section-spacing-small\" id=\"clients-1\" style=\"background-color: rgb(245, 250, 253); background-image: none;\"><div  class=\"gridContainer\"> <div  class=\"row\"><div  data-type=\"column\" class=\"section-title-col\"> <h2  class=\"font-700\">Principales sectores<\/h2> <\/div> <\/div> <div  data-type=\"row\" class=\"row spaced-cols middle-xs center-xs space-bottom padding-lr\"> <div  class=\"col-xs-6 col-sm-2 col-md-3\"> <a  data-cp-link=\"1\" href=\"#\" class=\"\"><img  decoding=\"async\" class=\"custom-image\" src=\"https:\/\/capitale.pe\/webcapitale\/wp-content\/uploads\/2023\/04\/ico-automotriz.png\" title=\"ico-automotriz\" alt=\"\"><\/a><h3  class=\"\">Automotriz<span  id=\"_mce_caret\" data-mce-bogus=\"1\" data-mce-type=\"format-caret\"><span  style=\"font-weight: 700;\">\ufeff<\/span><\/span><\/h3><\/div> <div  class=\"col-xs-6 col-sm-2 col-md-3\"> <img  decoding=\"async\" src=\"https:\/\/capitale.pe\/webcapitale\/wp-content\/uploads\/2023\/04\/ico-naviera.png\" class=\"\" alt=\"\" title=\"ico-naviera\"><h3  class=\"\">Naviera<span  id=\"_mce_caret\" data-mce-bogus=\"1\" data-mce-type=\"format-caret\"><span  style=\"font-weight: 700;\">\ufeff<\/span><\/span><\/h3><\/div> <div  class=\"col-xs-6 col-sm-2 col-md-3\"> <img  decoding=\"async\" src=\"https:\/\/capitale.pe\/webcapitale\/wp-content\/uploads\/2023\/04\/ico-inmobiliaria.png\" class=\"\" alt=\"\" title=\"ico-inmobiliaria\"><h3  class=\"\">Inmobiliario<\/h3><\/div> <div  class=\"col-xs-6 col-sm-2 col-md-3\"> <img  decoding=\"async\" src=\"https:\/\/capitale.pe\/webcapitale\/wp-content\/uploads\/2023\/04\/ico-construccion.png\" class=\"\" alt=\"\" title=\"ico-construccion\"><h3  class=\"\">Construcci\u00f3n<\/h3><\/div> <div  class=\"col-xs-6 col-sm-2 col-md-3\"> <img  decoding=\"async\" src=\"https:\/\/capitale.pe\/webcapitale\/wp-content\/uploads\/2023\/04\/ico-finanzas.png\" class=\"\" alt=\"\" title=\"ico-finanzas\"><h3  class=\"\">Financiera<\/h3><\/div> <div  class=\"col-xs-6 col-sm-2 col-md-3\"> <img  decoding=\"async\" src=\"https:\/\/capitale.pe\/webcapitale\/wp-content\/uploads\/2023\/04\/ico-educacion.png\" class=\"\" alt=\"\" title=\"ico-educacion\"><h3  class=\"\">Educaci\u00f3n<\/h3><\/div> <div  class=\"col-xs-6 col-sm-2 col-md-3\"> <img  decoding=\"async\" src=\"https:\/\/capitale.pe\/webcapitale\/wp-content\/uploads\/2023\/04\/ico-farmaceutica.png\" class=\"\" alt=\"\" title=\"ico-farmaceutica\"><h3  class=\"\">Farmace\u00fatica<\/h3><\/div><div  class=\"col-xs-6 col-sm-2 col-md-3\"> <img  decoding=\"async\" src=\"https:\/\/capitale.pe\/webcapitale\/wp-content\/uploads\/2023\/04\/ico-comercial.png\" class=\"\" alt=\"\" title=\"ico-comercial\"><h3  class=\"\">Empresas Comerciales<\/h3><\/div><\/div><\/div> <\/div><div  id=\"cta-1\" data-label=\"Cta\" data-id=\"cta-blue-section\" data-export-id=\"cta-blue-section\" data-category=\"cta\" class=\"cta-blue-section content-section content-section-spacing-medium bg-color1 white-text content-relative\" style=\"background-image: none; background-color: rgb(71, 94, 136);\"><div  class=\"gridContainer\"> <div  class=\"row middle-xs\"><div  class=\"col-sm-8 space-bottom-xs\" data-type=\"column\"> <h2  class=\"no-after\" style=\"border-bottom-color: rgb(255, 51, 105);\"><span  style=\"font-weight: 900; font-family: &quot;arial black&quot;, sans-serif;\">Consigue el mejor Talento para tu Empresa<\/span><\/h2> <\/div> <div  class=\"col-sm-4 end-sm\" data-type=\"column\"> <a  class=\"button big color8 round\" href=\"https:\/\/capitale.pe\/webcapitale\/contactenos\" target=\"_self\" data-cp-link=\"1\" data-icon=\"\" rel=\"noopener noreferrer\">CONT\u00c1CTENOS<\/a><\/div> <\/div><\/div> <\/div><div  data-label=\"Woocommerce\" data-id=\"woocommerce--1\" data-export-id=\"woocommerce-section-shadow\" data-category=\"woocommerce\" class=\"woocommerce-section content-section content-section-spacing\" id=\"woocommerce-1\" style=\"background-color: rgb(255, 255, 255);\"><div  class=\"gridContainer\"> <div  class=\"row\"><div  data-type=\"column\" class=\"section-title-col\"> <h2  class=\"\">Nuestros cursos<\/h2> <\/div> <\/div> <div  class=\"row\"> <div  data-content-shortcode=\"mesmerize_display_woocommerce_items class=&quot;shadow&quot;\" data-editable=\"true\" data-type=\"row\" data-dynamic-columns=\"handled\"><div class=\"woocommerce in-section\">\n        <ul class=\"products columns-3\">\n\n        \n            <li class=\"col-md-3 col-sm-3 col-xs-12 in-page-section product type-product post-1697 status-publish first instock product_cat-formacion-gestion-humana has-post-thumbnail virtual purchasable product-type-simple\">\n\t\n    <div class=\"ope-woo-card-item shadow\">\n    \n    <a href=\"https:\/\/capitale.pe\/webcapitale\/producto\/evaluacion-clinica-seleccion-talento\/\" class=\"woocommerce-LoopProduct-link woocommerce-loop-product__link\">    <div class=\"ope-woo-card-header\">\n    <img fetchpriority=\"high\" decoding=\"async\" width=\"300\" height=\"300\" src=\"https:\/\/capitale.pe\/webcapitale\/wp-content\/uploads\/2023\/04\/cbra-evalu-clinica-300x300.jpeg\" class=\"attachment-woocommerce_thumbnail size-woocommerce_thumbnail\" alt=\"Evaluaci\u00f3n cl\u00ednica para la selecci\u00f3n de talento\" srcset=\"https:\/\/capitale.pe\/webcapitale\/wp-content\/uploads\/2023\/04\/cbra-evalu-clinica-300x300.jpeg 300w, https:\/\/capitale.pe\/webcapitale\/wp-content\/uploads\/2023\/04\/cbra-evalu-clinica-1024x1024.jpeg 1024w, https:\/\/capitale.pe\/webcapitale\/wp-content\/uploads\/2023\/04\/cbra-evalu-clinica-150x150.jpeg 150w, https:\/\/capitale.pe\/webcapitale\/wp-content\/uploads\/2023\/04\/cbra-evalu-clinica-768x768.jpeg 768w, https:\/\/capitale.pe\/webcapitale\/wp-content\/uploads\/2023\/04\/cbra-evalu-clinica-1536x1536.jpeg 1536w, https:\/\/capitale.pe\/webcapitale\/wp-content\/uploads\/2023\/04\/cbra-evalu-clinica-1080x1080.jpeg 1080w, https:\/\/capitale.pe\/webcapitale\/wp-content\/uploads\/2023\/04\/cbra-evalu-clinica-600x600.jpeg 600w, https:\/\/capitale.pe\/webcapitale\/wp-content\/uploads\/2023\/04\/cbra-evalu-clinica-100x100.jpeg 100w, https:\/\/capitale.pe\/webcapitale\/wp-content\/uploads\/2023\/04\/cbra-evalu-clinica.jpeg 2000w\" sizes=\"(max-width: 300px) 100vw, 300px\" \/>    <\/div>\n        <div class=\"ope-woo-card-content\">\n        <div class=\"ope-woo-card-content-section ope-woo-card-content-title\">\n        <h3 class=\"ope-card-product-tile\">Evaluaci\u00f3n cl\u00ednica para la selecci\u00f3n de talento<\/h3>\n    <\/div>\n        <div class=\"ope-woo-card-content-section ope-woo-card-content-rating\">\n            <\/div>\n    \n        <div class=\"ope-woo-card-content-section ope-woo-card-content-price\">\n        \n\t<span class=\"price\"><span class=\"woocommerce-Price-amount amount\"><bdi><span class=\"woocommerce-Price-currencySymbol\">S\/<\/span>&nbsp;459.00<\/bdi><\/span><\/span>\n    <\/div>\n        <div class=\"ope-woo-card-content-section ope-woo-card-content-categories\">\n        <a href=\"https:\/\/capitale.pe\/webcapitale\/categoria-producto\/formacion-gestion-humana\/\" rel=\"tag\">Formaci\u00f3n en Gesti\u00f3n Humana<\/a>    <\/div>\n        <\/div>\n        <div class=\"ope-woo-card-footer\">\n    \n    <\/a><a href=\"\/webcapitale\/wp-json\/wp\/v2\/pages\/67?add-to-cart=1697\" aria-describedby=\"woocommerce_loop_add_to_cart_link_describedby_1697\" data-quantity=\"1\" class=\"button product_type_simple add_to_cart_button ajax_add_to_cart\" data-product_id=\"1697\" data-product_sku=\"\" aria-label=\"A\u00f1adir al carrito: &ldquo;Evaluaci\u00f3n cl\u00ednica para la selecci\u00f3n de talento&rdquo;\" rel=\"nofollow\" data-success_message=\"\u00abEvaluaci\u00f3n cl\u00ednica para la selecci\u00f3n de talento\u00bb se ha a\u00f1adido a tu carrito\" role=\"button\">A\u00f1adir al carrito<\/a>\t<span id=\"woocommerce_loop_add_to_cart_link_describedby_1697\" class=\"screen-reader-text\">\n\t\t\t<\/span>\n<br \/><a href=\"\/webcapitale\/wp-json\/wp\/v2\/pages\/67?add-to-cart=1697&quantity=1&wi_buy_now=1\" id=\"wi_buy_now_1697\" data-product_type=\"simple\" data-product_id=\"1697\"  class=\"wi_btn_buy_now button wi_buy_now_simple\">Comprar<\/a>    <\/div>\n        <\/div>\n    <\/li>\n\n        \n            <li class=\"col-md-3 col-sm-3 col-xs-12 in-page-section product type-product post-1606 status-publish instock product_cat-formacion-gestion-humana has-post-thumbnail downloadable virtual purchasable product-type-simple\">\n\t\n    <div class=\"ope-woo-card-item shadow\">\n    \n    <a href=\"https:\/\/capitale.pe\/webcapitale\/producto\/entrevista-competencias-seleccion-talento\/\" class=\"woocommerce-LoopProduct-link woocommerce-loop-product__link\">    <div class=\"ope-woo-card-header\">\n    <img decoding=\"async\" width=\"300\" height=\"300\" src=\"https:\/\/capitale.pe\/webcapitale\/wp-content\/uploads\/2023\/03\/AdobeStock_58570980-scaled-e1684551206242-300x300.jpeg\" class=\"attachment-woocommerce_thumbnail size-woocommerce_thumbnail\" alt=\"La entrevista por competencias en la selecci\u00f3n de talento\" srcset=\"https:\/\/capitale.pe\/webcapitale\/wp-content\/uploads\/2023\/03\/AdobeStock_58570980-scaled-e1684551206242-300x300.jpeg 300w, https:\/\/capitale.pe\/webcapitale\/wp-content\/uploads\/2023\/03\/AdobeStock_58570980-scaled-e1684551206242-150x150.jpeg 150w, https:\/\/capitale.pe\/webcapitale\/wp-content\/uploads\/2023\/03\/AdobeStock_58570980-scaled-e1684551206242-100x100.jpeg 100w\" sizes=\"(max-width: 300px) 100vw, 300px\" \/>    <\/div>\n        <div class=\"ope-woo-card-content\">\n        <div class=\"ope-woo-card-content-section ope-woo-card-content-title\">\n        <h3 class=\"ope-card-product-tile\">La entrevista por competencias en la selecci\u00f3n de talento<\/h3>\n    <\/div>\n        <div class=\"ope-woo-card-content-section ope-woo-card-content-rating\">\n            <\/div>\n    \n        <div class=\"ope-woo-card-content-section ope-woo-card-content-price\">\n        \n\t<span class=\"price\"><span class=\"woocommerce-Price-amount amount\"><bdi><span class=\"woocommerce-Price-currencySymbol\">S\/<\/span>&nbsp;345.00<\/bdi><\/span><\/span>\n    <\/div>\n        <div class=\"ope-woo-card-content-section ope-woo-card-content-categories\">\n        <a href=\"https:\/\/capitale.pe\/webcapitale\/categoria-producto\/formacion-gestion-humana\/\" rel=\"tag\">Formaci\u00f3n en Gesti\u00f3n Humana<\/a>    <\/div>\n        <\/div>\n        <div class=\"ope-woo-card-footer\">\n    \n    <\/a><a href=\"\/webcapitale\/wp-json\/wp\/v2\/pages\/67?add-to-cart=1606\" aria-describedby=\"woocommerce_loop_add_to_cart_link_describedby_1606\" data-quantity=\"1\" class=\"button product_type_simple add_to_cart_button ajax_add_to_cart\" data-product_id=\"1606\" data-product_sku=\"\" aria-label=\"A\u00f1adir al carrito: &ldquo;La entrevista por competencias en la selecci\u00f3n de talento&rdquo;\" rel=\"nofollow\" data-success_message=\"\u00abLa entrevista por competencias en la selecci\u00f3n de talento\u00bb se ha a\u00f1adido a tu carrito\" role=\"button\">A\u00f1adir al carrito<\/a>\t<span id=\"woocommerce_loop_add_to_cart_link_describedby_1606\" class=\"screen-reader-text\">\n\t\t\t<\/span>\n<br \/><a href=\"\/webcapitale\/wp-json\/wp\/v2\/pages\/67?add-to-cart=1606&quantity=1&wi_buy_now=1\" id=\"wi_buy_now_1606\" data-product_type=\"simple\" data-product_id=\"1606\"  class=\"wi_btn_buy_now button wi_buy_now_simple\">Comprar<\/a>    <\/div>\n        <\/div>\n    <\/li>\n\n        \n            <li class=\"col-md-3 col-sm-3 col-xs-12 in-page-section product type-product post-1285 status-publish last instock product_cat-bienestar-integral has-post-thumbnail downloadable virtual purchasable product-type-simple\">\n\t\n    <div class=\"ope-woo-card-item shadow\">\n    \n    <a href=\"https:\/\/capitale.pe\/webcapitale\/producto\/mejora-la-relacion-con-tus-hijos-a-traves-de-la-comunicacion\/\" class=\"woocommerce-LoopProduct-link woocommerce-loop-product__link\">    <div class=\"ope-woo-card-header\">\n    <img decoding=\"async\" width=\"300\" height=\"300\" src=\"https:\/\/capitale.pe\/webcapitale\/wp-content\/uploads\/2023\/02\/cbra-comunicacion-hijos-300x300.jpeg\" class=\"attachment-woocommerce_thumbnail size-woocommerce_thumbnail\" alt=\"Mejora la relaci\u00f3n con tus hijos a trav\u00e9s de la comunicaci\u00f3n\" srcset=\"https:\/\/capitale.pe\/webcapitale\/wp-content\/uploads\/2023\/02\/cbra-comunicacion-hijos-300x300.jpeg 300w, https:\/\/capitale.pe\/webcapitale\/wp-content\/uploads\/2023\/02\/cbra-comunicacion-hijos-1024x1024.jpeg 1024w, https:\/\/capitale.pe\/webcapitale\/wp-content\/uploads\/2023\/02\/cbra-comunicacion-hijos-150x150.jpeg 150w, https:\/\/capitale.pe\/webcapitale\/wp-content\/uploads\/2023\/02\/cbra-comunicacion-hijos-768x768.jpeg 768w, https:\/\/capitale.pe\/webcapitale\/wp-content\/uploads\/2023\/02\/cbra-comunicacion-hijos-1080x1080.jpeg 1080w, https:\/\/capitale.pe\/webcapitale\/wp-content\/uploads\/2023\/02\/cbra-comunicacion-hijos-600x600.jpeg 600w, https:\/\/capitale.pe\/webcapitale\/wp-content\/uploads\/2023\/02\/cbra-comunicacion-hijos-100x100.jpeg 100w, https:\/\/capitale.pe\/webcapitale\/wp-content\/uploads\/2023\/02\/cbra-comunicacion-hijos.jpeg 1200w\" sizes=\"(max-width: 300px) 100vw, 300px\" \/>    <\/div>\n        <div class=\"ope-woo-card-content\">\n        <div class=\"ope-woo-card-content-section ope-woo-card-content-title\">\n        <h3 class=\"ope-card-product-tile\">Mejora la relaci\u00f3n con tus hijos a trav\u00e9s de la comunicaci\u00f3n<\/h3>\n    <\/div>\n        <div class=\"ope-woo-card-content-section ope-woo-card-content-rating\">\n            <\/div>\n    \n        <div class=\"ope-woo-card-content-section ope-woo-card-content-price\">\n        \n\t<span class=\"price\"><span class=\"woocommerce-Price-amount amount\"><bdi><span class=\"woocommerce-Price-currencySymbol\">S\/<\/span>&nbsp;12.50<\/bdi><\/span><\/span>\n    <\/div>\n        <div class=\"ope-woo-card-content-section ope-woo-card-content-categories\">\n        <a href=\"https:\/\/capitale.pe\/webcapitale\/categoria-producto\/bienestar-integral\/\" rel=\"tag\">Bienestar Integral<\/a>    <\/div>\n        <\/div>\n        <div class=\"ope-woo-card-footer\">\n    \n    <\/a><a href=\"\/webcapitale\/wp-json\/wp\/v2\/pages\/67?add-to-cart=1285\" aria-describedby=\"woocommerce_loop_add_to_cart_link_describedby_1285\" data-quantity=\"1\" class=\"button product_type_simple add_to_cart_button ajax_add_to_cart\" data-product_id=\"1285\" data-product_sku=\"\" aria-label=\"A\u00f1adir al carrito: &ldquo;Mejora la relaci\u00f3n con tus hijos a trav\u00e9s de la comunicaci\u00f3n&rdquo;\" rel=\"nofollow\" data-success_message=\"\u00abMejora la relaci\u00f3n con tus hijos a trav\u00e9s de la comunicaci\u00f3n\u00bb se ha a\u00f1adido a tu carrito\" role=\"button\">A\u00f1adir al carrito<\/a>\t<span id=\"woocommerce_loop_add_to_cart_link_describedby_1285\" class=\"screen-reader-text\">\n\t\t\t<\/span>\n<br \/><a href=\"\/webcapitale\/wp-json\/wp\/v2\/pages\/67?add-to-cart=1285&quantity=1&wi_buy_now=1\" id=\"wi_buy_now_1285\" data-product_type=\"simple\" data-product_id=\"1285\"  class=\"wi_btn_buy_now button wi_buy_now_simple\">Comprar<\/a>    <\/div>\n        <\/div>\n    <\/li>\n\n        \n        <\/ul>\n\n        \n        <\/div><\/div><\/div> <div  class=\"row\"><div  class=\"text-center\"> <a  class=\"button color1\" data-attr-shortcode=\"href:mesmerize_woocommerce_shop_url\" href=\"https:\/\/capitale.pe\/webcapitale\/nuestros-cursos\/\" data-icon=\"\">Ver m\u00e1s cursos<\/a><\/div> <\/div><\/div><\/div><div  id=\"latest-news-1\" style=\"background-color: rgba(52, 58, 64, 0.05); background-image: none;\" data-label=\"Latest-news\" data-id=\"blog-section\" data-export-id=\"blog-section\" data-category=\"latest_news\" class=\"blog-section blog-section-standard content-section content-section-spacing content-relative section-title-col-dark-text\"><div  class=\"gridContainer\">  <div  class=\"row\"> <div  data-type=\"row\" data-dynamic-columns=\"handled\" data-content-shortcode=\"mesmerize_latest_news\">\t\t<div class=\"row center-sm content-left-sm\">\n\t\t\t\t\t<div id=\"post-2703\" class=\"col-sm-6 col-md-4 space-bottom space-bottom-xs\">\n\t\t\t\t<div class=\"post-content card y-move bordered\">\n\t\t\t\t\t    <div class=\"post-thumbnail\">\n        <a href=\"https:\/\/capitale.pe\/webcapitale\/2026\/04\/02\/el-estres-laboral-no-es-un-tema-individual-es-un-desafio-tambien-organizacional\/\" class=\"post-list-item-thumb \">\n            <img loading=\"lazy\" decoding=\"async\" width=\"634\" height=\"793\" src=\"https:\/\/capitale.pe\/webcapitale\/wp-content\/uploads\/2026\/04\/estress-laboral.jpg\" class=\"attachment-post-thumbnail size-post-thumbnail wp-post-image\" alt=\"\" srcset=\"https:\/\/capitale.pe\/webcapitale\/wp-content\/uploads\/2026\/04\/estress-laboral.jpg 634w, https:\/\/capitale.pe\/webcapitale\/wp-content\/uploads\/2026\/04\/estress-laboral-240x300.jpg 240w, https:\/\/capitale.pe\/webcapitale\/wp-content\/uploads\/2026\/04\/estress-laboral-600x750.jpg 600w\" sizes=\"(max-width: 634px) 100vw, 634px\" \/>        <\/a>\n    <\/div>\n    \t\t\t\t\t<div class=\"col-padding col-padding-xs\">\n\t\t\t\t\t\t<h3 class=\"post-title space-bottom-small\">\n\t\t\t\t\t\t\t<a href=\"https:\/\/capitale.pe\/webcapitale\/2026\/04\/02\/el-estres-laboral-no-es-un-tema-individual-es-un-desafio-tambien-organizacional\/\" rel=\"bookmark\">\n\t\t\t\t\t\t\t\tEl estr\u00e9s laboral no es un tema individual: es un desaf\u00edo tambi\u00e9n organizacional.\t\t\t\t\t\t\t<\/a>\n\t\t\t\t\t\t<\/h3>\n\t\t\t\t\t\t<p>Pero antes de hablar de c\u00f3mo gestionarlo, vale la pena entender qu\u00e9 es realmente el estr\u00e9s. Desde la psicolog\u00eda y la neurociencia, el estr\u00e9s se define como la respuesta fisiol\u00f3gica[&hellip;]<\/p>\n\t\t\t\t\t\t<a class=\"read-more link\" href=\"https:\/\/capitale.pe\/webcapitale\/2026\/04\/02\/el-estres-laboral-no-es-un-tema-individual-es-un-desafio-tambien-organizacional\/\">\n\t\t\t\t\t\t\tRead more\t\t\t\t\t\t<\/a>\n\t\t\t\t\t<\/div>\n\t\t\t\t<\/div>\n\t\t\t<\/div>\n\t\t\t\t\t\t<div id=\"post-2699\" class=\"col-sm-6 col-md-4 space-bottom space-bottom-xs\">\n\t\t\t\t<div class=\"post-content card y-move bordered\">\n\t\t\t\t\t    <div class=\"post-thumbnail\">\n        <a href=\"https:\/\/capitale.pe\/webcapitale\/2026\/03\/20\/bienestar-real-vs-felicidad-corporativa-lo-que-las-empresas-no-siempre-quieren-ver\/\" class=\"post-list-item-thumb \">\n            <img loading=\"lazy\" decoding=\"async\" width=\"669\" height=\"836\" src=\"https:\/\/capitale.pe\/webcapitale\/wp-content\/uploads\/2026\/03\/imagen21.jpg\" class=\"attachment-post-thumbnail size-post-thumbnail wp-post-image\" alt=\"\" srcset=\"https:\/\/capitale.pe\/webcapitale\/wp-content\/uploads\/2026\/03\/imagen21.jpg 669w, https:\/\/capitale.pe\/webcapitale\/wp-content\/uploads\/2026\/03\/imagen21-240x300.jpg 240w, https:\/\/capitale.pe\/webcapitale\/wp-content\/uploads\/2026\/03\/imagen21-600x750.jpg 600w\" sizes=\"(max-width: 669px) 100vw, 669px\" \/>        <\/a>\n    <\/div>\n    \t\t\t\t\t<div class=\"col-padding col-padding-xs\">\n\t\t\t\t\t\t<h3 class=\"post-title space-bottom-small\">\n\t\t\t\t\t\t\t<a href=\"https:\/\/capitale.pe\/webcapitale\/2026\/03\/20\/bienestar-real-vs-felicidad-corporativa-lo-que-las-empresas-no-siempre-quieren-ver\/\" rel=\"bookmark\">\n\t\t\t\t\t\t\t\tBienestar real vs. felicidad corporativa: lo que las empresas no siempre quieren ver\t\t\t\t\t\t\t<\/a>\n\t\t\t\t\t\t<\/h3>\n\t\t\t\t\t\t<p>Cada 20 de marzo se celebra el D\u00eda Internacional de la Felicidad.Y en muchas organizaciones, esto se traduce en din\u00e1micas, frases inspiradoras o actividades puntuales que buscan \u201celevar el \u00e1nimo\u201d.[&hellip;]<\/p>\n\t\t\t\t\t\t<a class=\"read-more link\" href=\"https:\/\/capitale.pe\/webcapitale\/2026\/03\/20\/bienestar-real-vs-felicidad-corporativa-lo-que-las-empresas-no-siempre-quieren-ver\/\">\n\t\t\t\t\t\t\tRead more\t\t\t\t\t\t<\/a>\n\t\t\t\t\t<\/div>\n\t\t\t\t<\/div>\n\t\t\t<\/div>\n\t\t\t\t\t\t<div id=\"post-2695\" class=\"col-sm-6 col-md-4 space-bottom space-bottom-xs\">\n\t\t\t\t<div class=\"post-content card y-move bordered\">\n\t\t\t\t\t    <div class=\"post-thumbnail\">\n        <a href=\"https:\/\/capitale.pe\/webcapitale\/2026\/02\/27\/liderazgo-saludable-como-sostener-psicologicamente-a-tu-equipo-en-contextos-complejos\/\" class=\"post-list-item-thumb \">\n            <img loading=\"lazy\" decoding=\"async\" width=\"581\" height=\"726\" src=\"https:\/\/capitale.pe\/webcapitale\/wp-content\/uploads\/2026\/02\/lsaludabl.jpg\" class=\"attachment-post-thumbnail size-post-thumbnail wp-post-image\" alt=\"\" srcset=\"https:\/\/capitale.pe\/webcapitale\/wp-content\/uploads\/2026\/02\/lsaludabl.jpg 581w, https:\/\/capitale.pe\/webcapitale\/wp-content\/uploads\/2026\/02\/lsaludabl-240x300.jpg 240w\" sizes=\"(max-width: 581px) 100vw, 581px\" \/>        <\/a>\n    <\/div>\n    \t\t\t\t\t<div class=\"col-padding col-padding-xs\">\n\t\t\t\t\t\t<h3 class=\"post-title space-bottom-small\">\n\t\t\t\t\t\t\t<a href=\"https:\/\/capitale.pe\/webcapitale\/2026\/02\/27\/liderazgo-saludable-como-sostener-psicologicamente-a-tu-equipo-en-contextos-complejos\/\" rel=\"bookmark\">\n\t\t\t\t\t\t\t\tLiderazgo saludable: c\u00f3mo sostener psicol\u00f3gicamente a tu equipo en contextos complejos\t\t\t\t\t\t\t<\/a>\n\t\t\t\t\t\t<\/h3>\n\t\t\t\t\t\t<p>En los \u00faltimos a\u00f1os, los l\u00edderes han tenido que enfrentar algo m\u00e1s que metas, indicadores y resultados. Hoy, gestionar equipos implica sostener emocionalmente a personas que viven estr\u00e9s, incertidumbre, crisis[&hellip;]<\/p>\n\t\t\t\t\t\t<a class=\"read-more link\" href=\"https:\/\/capitale.pe\/webcapitale\/2026\/02\/27\/liderazgo-saludable-como-sostener-psicologicamente-a-tu-equipo-en-contextos-complejos\/\">\n\t\t\t\t\t\t\tRead more\t\t\t\t\t\t<\/a>\n\t\t\t\t\t<\/div>\n\t\t\t\t<\/div>\n\t\t\t<\/div>\n\t\t\t\t<\/div>\n\t<\/div><\/div> <div  class=\"row\"><div  class=\"text-center\"> <a  class=\"button color1\" data-attr-shortcode=\"href:mesmerize_blog_link\" href=\"https:\/\/capitale.pe\/webcapitale\/blog\/\" data-icon=\"\">Visite nuestro blog<\/a><\/div> <\/div><\/div><\/div>","protected":false},"excerpt":{"rendered":"<p>\u00bfQui\u00e9nes somos? Somos una organizaci\u00f3n que brinda soluciones integrales en gesti\u00f3n humana, generando valor al negocio al atraer y desarrollar el talento; con la finalidad de convertirnos en su socio estrat\u00e9gico. Leer m\u00e1s.. Principales sectores Automotriz\ufeff Naviera\ufeff Inmobiliario Construcci\u00f3n Financiera Educaci\u00f3n Farmace\u00fatica Empresas Comerciales Consigue el mejor Talento para tu Empresa CONT\u00c1CTENOS Nuestros cursos Ver&hellip; <br \/> <a class=\"read-more\" href=\"https:\/\/capitale.pe\/webcapitale\/2026\/02\/27\/liderazgo-saludable-como-sostener-psicologicamente-a-tu-equipo-en-contextos-complejos\/\">Leer m\u00e1s<\/a><\/p>\n","protected":false},"author":1,"featured_media":0,"parent":0,"menu_order":0,"comment_status":"closed","ping_status":"closed","template":"pro\/page-templates\/full-width-homepage-header.php","meta":{"_exactmetrics_skip_tracking":false,"_exactmetrics_sitenote_active":false,"_exactmetrics_sitenote_note":"","_exactmetrics_sitenote_category":0,"courseId":0,"footnotes":""},"class_list":["post-67","page","type-page","status-publish","hentry"],"_links":{"self":[{"href":"https:\/\/capitale.pe\/webcapitale\/wp-json\/wp\/v2\/pages\/67","targetHints":{"allow":["GET"]}}],"collection":[{"href":"https:\/\/capitale.pe\/webcapitale\/wp-json\/wp\/v2\/pages"}],"about":[{"href":"https:\/\/capitale.pe\/webcapitale\/wp-json\/wp\/v2\/types\/page"}],"author":[{"embeddable":true,"href":"https:\/\/capitale.pe\/webcapitale\/wp-json\/wp\/v2\/users\/1"}],"replies":[{"embeddable":true,"href":"https:\/\/capitale.pe\/webcapitale\/wp-json\/wp\/v2\/comments?post=67"}],"version-history":[{"count":32,"href":"https:\/\/capitale.pe\/webcapitale\/wp-json\/wp\/v2\/pages\/67\/revisions"}],"predecessor-version":[{"id":2570,"href":"https:\/\/capitale.pe\/webcapitale\/wp-json\/wp\/v2\/pages\/67\/revisions\/2570"}],"wp:attachment":[{"href":"https:\/\/capitale.pe\/webcapitale\/wp-json\/wp\/v2\/media?parent=67"}],"curies":[{"name":"wp","href":"https:\/\/api.w.org\/{rel}","templated":true}]}}