{"id":1285,"date":"2023-02-25T22:37:12","date_gmt":"2023-02-25T21:37:12","guid":{"rendered":"https:\/\/capitale.pe\/webcapitale\/producto\/mejora-la-relacion-con-tus-hijos-a-traves-de-la-comunicacion\/"},"modified":"2024-11-08T05:49:08","modified_gmt":"2024-11-08T04:49:08","slug":"mejora-la-relacion-con-tus-hijos-a-traves-de-la-comunicacion","status":"publish","type":"product","link":"https:\/\/capitale.pe\/webcapitale\/producto\/mejora-la-relacion-con-tus-hijos-a-traves-de-la-comunicacion\/","title":{"rendered":"Mejora la relaci\u00f3n con tus hijos a trav\u00e9s de la comunicaci\u00f3n"},"content":{"rendered":"<h3 class=\"titCurs\">Este curso te interesa si:<\/h3>\n<ol class=\"listArrow\">\n<li>Quieres saber c\u00f3mo <strong>comunicarte con tu hijo o hija<\/strong> entendiendo c\u00f3mo piensan y qu\u00e9 los motiva.<\/li>\n<li>Quieres aprender c\u00f3mo <strong>escuchar mejor a tu hijo o hija<\/strong> para lograr relaciones saludables que los acompa\u00f1e a lo largo de su crecimiento como persona.<\/li>\n<li>Buscas generar <strong>m\u00e1s confianza con tu hijo o hija<\/strong>, aprendiendo t\u00e9cnicas que te ayuden a lograr una comunicaci\u00f3n eficiente.<\/li>\n<li><strong>Quieres entender mejor sus emociones<\/strong> y saber c\u00f3mo responder a ellas para disminuir los conflictos y lograr una relaci\u00f3n m\u00e1s sana.<\/li>\n<\/ol>\n<h3 class=\"titCurs\">Dirigido a:<\/h3>\n<ol class=\"listCircle\">\n<li>Padres, madres y cuidadores de ni\u00f1os, ni\u00f1as y adolescentes que deseen aprender t\u00e9cnicas de c\u00f3mo mejorar la relaci\u00f3n en base a una comunicaci\u00f3n saludable.<\/li>\n<\/ol>\n<h3 class=\"titCurs\">Contenido:<\/h3>\n<ol class=\"listCircle\">\n<li><strong class=\"orange\">En este curso aprender\u00e1s qu\u00e9 es y c\u00f3mo utilizar la comunicaci\u00f3n efectiva con tus hijos<\/strong>, y c\u00f3mo validar sus emociones y sentimientos. Esto te permitir\u00e1 generar confianza, comprenderlos mejor para acercarte m\u00e1s a ellos y fortalecer el v\u00ednculo que los une con respeto, amor y aceptaci\u00f3n. A trav\u00e9s de tres m\u00f3dulos asincr\u00f3nicos y din\u00e1micos podr\u00e1s aprender a comunicarte con tus hijos e hijas, pero, sobre todo, entenderlos y lograr una comunicaci\u00f3n saludable y efectiva con ellos.<\/li>\n<\/ol>\n<h3 class=\"titCurs\">Sesiones: 3 m\u00f3dulos<\/h3>\n<ol class=\"listCircle\">\n<li><strong class=\"orange\">M\u00f3dulo 1:<\/strong> En el primer m\u00f3dulo aprender\u00e1s aspectos importantes del desarrollo del ni\u00f1o y adolescente, lo que te permitir\u00e1 entender c\u00f3mo piensan, lo que facilitar\u00e1 la empat\u00eda hacia ellos. Este es el primer paso para tener una comunicaci\u00f3n saludable.<\/li>\n<li><strong class=\"orange\">M\u00f3dulo 2:<\/strong> En el segundo m\u00f3dulo podr\u00e1s aprender diversas estrategias que te facilitar\u00e1n disminuir los conflictos por formas equivocadas de comunicarte con \u00e9l o ella. Visualizar\u00e1s ejemplos claros de c\u00f3mo prevenir los malentendidos.<\/li>\n<li><strong class=\"orange\">M\u00f3dulo 3:<\/strong> Detr\u00e1s de toda palabra o frase hay una emoci\u00f3n manifiesta. En esta tercera parte podr\u00e1s entender las diversas emociones que pueden demostrar tus hijos o hijas en cada frase que expresan, lo que te ayudar\u00e1 a entenderlos y responder de forma adecuada. Esto permitir\u00e1 que puedas prevenir los conflictos.<\/li>\n<\/ol>\n<h3 class=\"titCurs\">Ponente:<\/h3>\n<div class=\"row contInfoPonnt\">\n<div class=\"col-sm-3\">\n<figure class=\"contPont\">\n<div class=\"contImg\">\n    <img decoding=\"async\" src=\"https:\/\/capitale.pe\/webcapitale\/wp-content\/uploads\/2023\/03\/Emil-Blondet.jpeg\" alt=\"Ponente\">\n<\/div><figcaption>\n<p class=\"green\" align=\"center\"><strong>Lic. Emil Blondet G\u00e1lvez<\/strong><\/p>\n<p align=\"center\">Especialista en psicoterapia<\/p>\n<\/figcaption><\/figure>\n<\/div>\n<div class=\"col-sm-9\">\n<div class=\"contInfo\">\n<p align=\"left\"><strong class=\"orange\">Psic\u00f3loga Cl\u00ednica especialista en Psicoterapia. Directora de Harmon\u00eda Bienestar y Salud Integral.<\/strong> Experiencia en docencia, dise\u00f1o de programas y cursos, consejer\u00eda psicol\u00f3gica, capacitaci\u00f3n, dise\u00f1o y ejecuci\u00f3n de talleres y charlas sobre salud mental, habilidades personales y acad\u00e9micas para adolescentes y adultos<\/p>\n<\/div>\n<\/div>\n<\/div>\n<div class=\"contBner\">\n<div class=\"contImgBner\">\n    <img decoding=\"async\" src=\"https:\/\/capitale.pe\/webcapitale\/wp-content\/uploads\/2023\/03\/bnr-bienestar.jpg\" alt=\"Ponente\">\n<\/div>\n<div class=\"contInfoBner\">\n<span class=\"etiqBner\">Modalidad:<\/span><\/p>\n<p class=\"txtBner\"><strong>Curso asincr\u00f3nico<\/strong> (grabado)<\/p>\n<\/div>\n<div>\n","protected":false},"excerpt":{"rendered":"<p align=\"left\">En este curso aprender\u00e1s qu\u00e9 es y c\u00f3mo utilizar la comunicaci\u00f3n efectiva con tus hijos, y c\u00f3mo validar sus emociones y sentimientos.<\/p>\n<p align=\"left\">Al adquirir el curso obtendr\u00e1s:<\/p>\n<ol class=\"listCircle\">\n<li>Material de lectura<\/li>\n<li>Certificado al finalizar el curso<\/li>\n<\/ol>\n","protected":false},"featured_media":1616,"comment_status":"open","ping_status":"closed","template":"","meta":{"_exactmetrics_skip_tracking":false,"_exactmetrics_sitenote_active":false,"_exactmetrics_sitenote_note":"","_exactmetrics_sitenote_category":0},"product_brand":[],"product_cat":[32],"product_tag":[],"class_list":{"0":"post-1285","1":"product","2":"type-product","3":"status-publish","4":"has-post-thumbnail","6":"product_cat-bienestar-integral","8":"first","9":"instock","10":"downloadable","11":"virtual","12":"purchasable","13":"product-type-simple"},"_links":{"self":[{"href":"https:\/\/capitale.pe\/webcapitale\/wp-json\/wp\/v2\/product\/1285","targetHints":{"allow":["GET"]}}],"collection":[{"href":"https:\/\/capitale.pe\/webcapitale\/wp-json\/wp\/v2\/product"}],"about":[{"href":"https:\/\/capitale.pe\/webcapitale\/wp-json\/wp\/v2\/types\/product"}],"replies":[{"embeddable":true,"href":"https:\/\/capitale.pe\/webcapitale\/wp-json\/wp\/v2\/comments?post=1285"}],"wp:featuredmedia":[{"embeddable":true,"href":"https:\/\/capitale.pe\/webcapitale\/wp-json\/wp\/v2\/media\/1616"}],"wp:attachment":[{"href":"https:\/\/capitale.pe\/webcapitale\/wp-json\/wp\/v2\/media?parent=1285"}],"wp:term":[{"taxonomy":"product_brand","embeddable":true,"href":"https:\/\/capitale.pe\/webcapitale\/wp-json\/wp\/v2\/product_brand?post=1285"},{"taxonomy":"product_cat","embeddable":true,"href":"https:\/\/capitale.pe\/webcapitale\/wp-json\/wp\/v2\/product_cat?post=1285"},{"taxonomy":"product_tag","embeddable":true,"href":"https:\/\/capitale.pe\/webcapitale\/wp-json\/wp\/v2\/product_tag?post=1285"}],"curies":[{"name":"wp","href":"https:\/\/api.w.org\/{rel}","templated":true}]}}